{"id":997,"date":"2023-11-29T22:47:26","date_gmt":"2023-11-29T21:47:26","guid":{"rendered":"https:\/\/www.radost-apartmany.cz\/?page_id=997"},"modified":"2023-11-30T01:28:19","modified_gmt":"2023-11-30T00:28:19","slug":"apartman-5","status":"publish","type":"page","link":"https:\/\/www.radost-apartmany.cz\/cs\/rezervace\/apartman-5\/","title":{"rendered":"Apartm\u00e1n \u010d. 5 pro 1-2 osoby"},"content":{"rendered":"<div class=\"wpb-content-wrapper\"><p>[vc_row fixed_width=&#8221;true&#8221;][vc_column width=&#8221;2\/3&#8243;][vc_column_text]2l\u016f\u017ekov\u00fd pokoj v 2.pat\u0159e, v podkrov\u00ed, rozm\u011br 17m2 .Pokoj je tvo\u0159en 2 m\u00edstnostmi &#8211; Lo\u017enic\u00ed s man\u017eelskou postel\u00ed a \u00falo\u017en\u00fdmi prostory, v\u011b\u0161\u00e1kem. Koupelnou s WC a sprchov\u00fdm koutem.<\/p>\n<p>V pokoji jsou k dispozici ru\u010dn\u00edky, lo\u017en\u00ed pr\u00e1dlo a toaletn\u00ed pap\u00edr.<\/p>\n<p>Apartm\u00e1n je p\u0159ipraven maxim\u00e1ln\u011b pro Va\u0161e pohodl\u00ed.[\/vc_column_text][vc_gallery type=&#8221;image_grid&#8221; images=&#8221;999,1002,1005,1008,1011,1014&#8243;][\/vc_column][vc_column width=&#8221;1\/3&#8243;][vc_pricing_table heading=&#8221;Cena od&#8221; subheading=&#8221;&#8221; currency=&#8221;&#8221; price=&#8221;1200&#8243; period=&#8221;K\u010d \/ noc&#8221; markers_color=&#8221;#5188f1&#8243; add_button=&#8221;&#8221;]<\/p>\n<ul class=\"wpb-plan-features\">\n<li>Dosp\u011bl\u00ed 650 K\u010d \/ noc<\/li>\n<li>D\u011bti 4-13 let 350 K\u010d \/ noc<\/li>\n<li>D\u011bti 0-3 let ZDARMA<\/li>\n<li>Dom\u00e1c\u00ed zv\u00ed\u0159\u00e1tka po dohod\u011b<br \/>\nCena 150 K\u010d \/ noc<\/li>\n<\/ul>\n<p>[\/vc_pricing_table][vc_empty_space][vc_message color=&#8221;info&#8221;]Ceny ubytov\u00e1n\u00ed zahrnuj\u00ed Poplatek z pobytu, kter\u00fd \u010din\u00ed 20 K\u010d za osobu \/ noc.<\/p>\n<p>Uveden\u00e9 ceny jsou v\u010detn\u011b DPH.[\/vc_message][\/vc_column][\/vc_row][vc_row fixed_width=&#8221;true&#8221;][vc_column][vc_empty_space height=&#8221;24px&#8221;][vc_zigzag][vc_empty_space][\/vc_column][\/vc_row][vc_row fixed_width=&#8221;true&#8221;][vc_column width=&#8221;2\/3&#8243;]<div class=\"sohohotel-title1 sohohotel-title-color\"><h1>Kalend\u00e1\u0159 obsazenosti<\/h1><h3><\/h3><\/div>[vc_raw_html]JTNDc2NyaXB0JTIwc3JjJTNEJTIyaHR0cHMlM0ElMkYlMkZvYnNhemVub3N0LmUtY2hhbHVweS5jeiUyRnJlc2l6ZS5qcyUyMiUzRSUzQyUyRnNjcmlwdCUzRSUwQSUzQ2lmcmFtZSUyMHNyYyUzRCUyMmh0dHBzJTNBJTJGJTJGb2JzYXplbm9zdC5lLWNoYWx1cHkuY3olMkZrYWxlbmRhci5waHAlM0ZpZCUzRDE0NjYzJTI2cG9jZXRNZXNpY3UlM0QxMiUyNnZlbGlrb3N0JTNEMyUyNmxlZ2VuZGElM0Rhbm8lMjZ2eWJyYW5lTWVzaWNlJTNEJTI2bmFTdHJlZCUzRGFubyUyNmN0dnJ0bGV0aSUzRG5lJTI2c3RpbiUzRG5lJTI2amF6eWslM0RjeiUyNmplZG5vdGt5JTNEbmUlMjZpZEplZG5vdGt5JTNEMTg4MzAlMjZ2eXBpc0plZG5vdGt5JTNEbmUlMjZzb3Vocm5ueSUzRCUyNnBvemFkaSUzRGZmZmZmZiUyNmthbGVuZGFyVGV4dCUzRDAwMDAwMCUyNmthbGVuZGFyUG96YWRpJTNEZmZmZmZmJTI2cmFtZWNlayUzRGRkZGRkZCUyNm1lc2ljVGV4dCUzRDU1NTU1NSUyNm1lc2ljUG96YWRpJTNEZGRkZGRkJTI2ZG55VGV4dCUzRDAwODAwMCUyNmRueVBvemFkaWElM0RmZmZmZmYlMjZvYnNhemVub1RleHQlM0QyMjIyMjIlMjZvYnNhemVub1BvemFkaSUzRGY3NDg0OCUyNnZvbG5vVGV4dCUzRDIyMjIyMiUyNnZvbG5vUG96YWRpJTNENjdjZjY3JTI2Y2FzdGVjbmVUZXh0JTNEMjIyMjIyJTI2Y2FzdGVjbmVQb3phZGklM0Q0ODljZTAlMjZuZWFrdGl2bmlEbnlUZXh0JTNEYmJiYmJiJTI2bmVha3Rpdm5pRG55UG96YWRpJTNEZmZmZmZmJTI2bGVnZW5kYVRleHQlM0QwMDAwMDAlMjZmb250RmFtaWx5JTNEVmVyZGFuYSUyNmV4dENzcyUzRCUyMiUyMGhlaWdodCUzRCUyMjQ2MHB4JTIyJTIwd2lkdGglM0QlMjIxMDAlMjUlMjIlMjBmcmFtZWJvcmRlciUzRCUyMjAlMjIlMjBpZCUzRCUyMmVjaGFsdXB5LWthbGVuZGFyJTIyJTNFJTNDJTJGaWZyYW1lJTNF[\/vc_raw_html][\/vc_column][vc_column width=&#8221;1\/3&#8243;]<div class=\"sohohotel-title1 sohohotel-title-color\"><h1>Rezervace<\/h1><h3><\/h3><\/div>[vc_message color=&#8221;info&#8221;]N\u00ed\u017ee v textu, pros\u00edme, uve\u010fte v\u011bk d\u011bt\u00ed.[\/vc_message][vc_raw_html]JTNDc2NyaXB0JTIwaWQlM0QlMjJlY2gta29udGFrdCUyMiUzRXdpbmRvdy5lY2hfa29udGFrdCUzRCU3QiUwQWlkJTNBJTIwJTI3MTQ2NjMlMjclMkMlMEFrbGljJTNBJTIwJTI3NjY1N2JhYjkyOTJBMkFBJTI3JTJDJTBBc3R5bCUzQSUyMCUyNzIlMjclMkMlMEFmb250RmFtaWx5JTNBJTIwJTI3VmVyZGFuYSUyNyUyQyUwQXRleHQlM0ElMjAlMjclMjMzMzMzMzMlMjclMkMlMEFiYXJ2YVRsYWNpdGtvJTNBJTIwJTI3JTIzMzc4ZjUyJTI3JTJDJTBBYmFydmFGb2N1cyUzQSUyMCUyNyUyMzM3OGY1MiUyNyUyQyUwQWt1bGF0ZVJvaHklM0ElMjAlMjc1cHglMjclMkMlMEFhbnRpc3BhbSUzQSUyMCUyN2FubyUyNyUyQyUwQXBvc2xhdEtvcGlpJTNBJTIwJTI3YW5vJTI3JTJDJTBBbmFkcGlzSmVkbm90a3klM0ElMjAlMjdWeWJlcnRlJTIwcG9rb2olMjclMkMlMEFwcmVkbmFzdGF2ZW5hSmVkbm90a2ElM0ElMjAlMjcxODgzMCUyNyUyQyUwQWphenlrJTNBJTIwJTI3Y3MlMjclMkMlMEF0aHhVcmwlM0ElMjAlMjdodHRwcyUzQSUyRiUyRnd3dy5yYWRvc3QtYXBhcnRtYW55LmN6JTJGY3MlMkZyZXplcnZhY2UlMkZwb3R2cnplbmktcmV6ZXJ2YWNlJTJGJTI3JTJDJTBBcG9kbWlua3klM0ElMjAlMjdTb3VobGFzJTIwc2UlMjB6cHJhY292JUMzJUExbiVDMyVBRG0lMjBvc29ibiVDMyVBRGNoJTIwJUMzJUJBZGFqJUM1JUFGJTI3JTJDJTBBdnliZXJKZWRub3RreSUzQSUyMCUyN25lJTI3JTJDJTBBJTdEJTNCJTBBJTI4ZnVuY3Rpb24lMjh3JTJDZCUyQ28lMkNnJTJDciUyQ20lMjklN0JhJTNEZC5jcmVhdGVFbGVtZW50JTI4byUyOSUyQ20lM0RkLmdldEVsZW1lbnRzQnlUYWdOYW1lJTI4byUyOSU1QjAlNUQlM0JhLmFzeW5jJTNEMSUzQmEuc3JjJTNEZyUzQm0ucGFyZW50Tm9kZS5pbnNlcnRCZWZvcmUlMjhhJTJDbSUyOSU3RCUyOSUyOHdpbmRvdyUyQ2RvY3VtZW50JTJDJTI3c2NyaXB0JTI3JTJDJTI3aHR0cHMlM0ElMkYlMkZhcGkyLmUtY2hhbHVweS5jeiUyRmtvbmZpZ3VyYXRvciUyRmtvbnRha3QlMkZqcyUyRmtvbnRha3QuanMlM0Z2JTNEMTcwMTMwNDA5MiUyNyUyOSUzQiUzQyUyRnNjcmlwdCUzRQ==[\/vc_raw_html][\/vc_column][\/vc_row]<\/p>\n<\/div>","protected":false},"excerpt":{"rendered":"<p>[vc_row fixed_width=&#8221;true&#8221;][vc_column width=&#8221;2\/3&#8243;][vc_column_text]2l\u016f\u017ekov\u00fd pokoj v 2.pat\u0159e, v podkrov\u00ed, rozm\u011br 17m2 .Pokoj je tvo\u0159en 2 m\u00edstnostmi &#8211; Lo\u017enic\u00ed s man\u017eelskou postel\u00ed a \u00falo\u017en\u00fdmi prostory, v\u011b\u0161\u00e1kem. Koupelnou s WC a sprchov\u00fdm koutem. V pokoji jsou k dispozici ru\u010dn\u00edky, lo\u017en\u00ed pr\u00e1dlo a toaletn\u00ed pap\u00edr. Apartm\u00e1n je p\u0159ipraven maxim\u00e1ln\u011b pro Va\u0161e pohodl\u00ed.[\/vc_column_text][vc_gallery type=&#8221;image_grid&#8221; images=&#8221;999,1002,1005,1008,1011,1014&#8243;][\/vc_column][vc_column width=&#8221;1\/3&#8243;][vc_pricing_table heading=&#8221;Cena od&#8221; subheading=&#8221;&#8221; currency=&#8221;&#8221;<\/p>\n<a href=\"https:\/\/www.radost-apartmany.cz\/cs\/rezervace\/apartman-5\/\" class=\"sohohotel-more-link\">Read More<i class=\"fa fa-angle-right\"><\/i><\/a>","protected":false},"author":1,"featured_media":999,"parent":17,"menu_order":5,"comment_status":"closed","ping_status":"closed","template":"","meta":{"footnotes":""},"categories":[14],"tags":[],"class_list":["post-997","page","type-page","status-publish","has-post-thumbnail","hentry","category-apartmany"],"_links":{"self":[{"href":"https:\/\/www.radost-apartmany.cz\/cs\/wp-json\/wp\/v2\/pages\/997","targetHints":{"allow":["GET"]}}],"collection":[{"href":"https:\/\/www.radost-apartmany.cz\/cs\/wp-json\/wp\/v2\/pages"}],"about":[{"href":"https:\/\/www.radost-apartmany.cz\/cs\/wp-json\/wp\/v2\/types\/page"}],"author":[{"embeddable":true,"href":"https:\/\/www.radost-apartmany.cz\/cs\/wp-json\/wp\/v2\/users\/1"}],"replies":[{"embeddable":true,"href":"https:\/\/www.radost-apartmany.cz\/cs\/wp-json\/wp\/v2\/comments?post=997"}],"version-history":[{"count":9,"href":"https:\/\/www.radost-apartmany.cz\/cs\/wp-json\/wp\/v2\/pages\/997\/revisions"}],"predecessor-version":[{"id":1101,"href":"https:\/\/www.radost-apartmany.cz\/cs\/wp-json\/wp\/v2\/pages\/997\/revisions\/1101"}],"up":[{"embeddable":true,"href":"https:\/\/www.radost-apartmany.cz\/cs\/wp-json\/wp\/v2\/pages\/17"}],"wp:featuredmedia":[{"embeddable":true,"href":"https:\/\/www.radost-apartmany.cz\/cs\/wp-json\/wp\/v2\/media\/999"}],"wp:attachment":[{"href":"https:\/\/www.radost-apartmany.cz\/cs\/wp-json\/wp\/v2\/media?parent=997"}],"wp:term":[{"taxonomy":"category","embeddable":true,"href":"https:\/\/www.radost-apartmany.cz\/cs\/wp-json\/wp\/v2\/categories?post=997"},{"taxonomy":"post_tag","embeddable":true,"href":"https:\/\/www.radost-apartmany.cz\/cs\/wp-json\/wp\/v2\/tags?post=997"}],"curies":[{"name":"wp","href":"https:\/\/api.w.org\/{rel}","templated":true}]}}