{"id":945,"date":"2023-11-29T22:42:05","date_gmt":"2023-11-29T21:42:05","guid":{"rendered":"https:\/\/www.radost-apartmany.cz\/?page_id=945"},"modified":"2023-11-30T01:26:50","modified_gmt":"2023-11-30T00:26:50","slug":"apartman-3","status":"publish","type":"page","link":"https:\/\/www.radost-apartmany.cz\/cs\/rezervace\/apartman-3\/","title":{"rendered":"Apartm\u00e1n \u010d.3 1-2 osoby"},"content":{"rendered":"<div class=\"wpb-content-wrapper\"><p>[vc_row fixed_width=&#8221;true&#8221;][vc_column width=&#8221;2\/3&#8243;][vc_column_text]2l\u016f\u017ekov\u00fd apartm\u00e1n v 1.pat\u0159e, rozm\u011br 25m2. Apartm\u00e1n je tvo\u0159en 3 m\u00edstnostmi \u2013 Chodbou se sk\u0159\u00edn\u00ed a v\u011b\u0161\u00e1kem, Koupelnou s WC a sprchov\u00fdm koutem, Ob\u00fdvac\u00ed \u010d\u00e1st\u00ed. Dvoul\u016f\u017ekov\u00fd apartm\u00e1n je vybaven pohodlnou man\u017eelskou postel\u00ed, \u00falo\u017en\u00fdmi prostory, pln\u011b vybavenou kuchy\u0148kou s j\u00eddeln\u00edm koutem (mikrovlnn\u00e1 trouba, rychlovarn\u00e1 konvice, ledni\u010dka, varn\u00e1 deska, my\u010dka na n\u00e1dob\u00ed a kompletn\u00ed j\u00eddeln\u00ed a k\u00e1vov\u00e1 sada a vybaven\u00edm na va\u0159en\u00ed) a samostatnou koupelnou se sprchou, WC a topn\u00fdm \u017eeb\u0159\u00edkem. V apartm\u00e1nu jsou k dispozici ru\u010dn\u00edky, lo\u017en\u00ed pr\u00e1dlo, ut\u011brky, myc\u00ed prost\u0159edky, toaletn\u00ed pap\u00edr.<\/p>\n<p>V\u00fdhled na parkovi\u0161t\u011b p\u0159ed domem a do strany.<\/p>\n<p>Apartm\u00e1n je p\u0159ipraven maxim\u00e1ln\u011b pro Va\u0161e pohodl\u00ed.[\/vc_column_text][vc_gallery type=&#8221;image_grid&#8221; images=&#8221;946,949,952,955,958,961,964&#8243;][\/vc_column][vc_column width=&#8221;1\/3&#8243;][vc_pricing_table heading=&#8221;Cena od&#8221; subheading=&#8221;&#8221; currency=&#8221;&#8221; price=&#8221;1300&#8243; period=&#8221;K\u010d \/ noc&#8221; markers_color=&#8221;#5188f1&#8243; add_button=&#8221;&#8221;]<\/p>\n<ul class=\"wpb-plan-features\">\n<li>Dosp\u011bl\u00ed 650 K\u010d \/ noc<\/li>\n<li>D\u011bti 4-13 let 350 K\u010d \/ noc<\/li>\n<li>D\u011bti 0-3 let ZDARMA<\/li>\n<li>Dom\u00e1c\u00ed zv\u00ed\u0159\u00e1tka po dohod\u011b<br \/>\nCena 150 K\u010d \/ noc<\/li>\n<\/ul>\n<p>[\/vc_pricing_table][vc_empty_space][vc_message color=&#8221;info&#8221;]Ceny ubytov\u00e1n\u00ed zahrnuj\u00ed Poplatek z pobytu, kter\u00fd \u010din\u00ed 20 K\u010d za osobu \/ noc.<\/p>\n<p>Uveden\u00e9 ceny jsou v\u010detn\u011b DPH.[\/vc_message][\/vc_column][\/vc_row][vc_row fixed_width=&#8221;true&#8221;][vc_column][vc_empty_space height=&#8221;24px&#8221;][vc_zigzag][vc_empty_space][\/vc_column][\/vc_row][vc_row fixed_width=&#8221;true&#8221;][vc_column width=&#8221;2\/3&#8243;]<div class=\"sohohotel-title1 sohohotel-title-color\"><h1>Kalend\u00e1\u0159 obsazenosti<\/h1><h3><\/h3><\/div>[vc_raw_html]JTNDc2NyaXB0JTIwc3JjJTNEJTIyaHR0cHMlM0ElMkYlMkZvYnNhemVub3N0LmUtY2hhbHVweS5jeiUyRnJlc2l6ZS5qcyUyMiUzRSUzQyUyRnNjcmlwdCUzRSUwQSUzQ2lmcmFtZSUyMHNyYyUzRCUyMmh0dHBzJTNBJTJGJTJGb2JzYXplbm9zdC5lLWNoYWx1cHkuY3olMkZrYWxlbmRhci5waHAlM0ZpZCUzRDE0NjYzJTI2cG9jZXRNZXNpY3UlM0QxMiUyNnZlbGlrb3N0JTNEMyUyNmxlZ2VuZGElM0Rhbm8lMjZ2eWJyYW5lTWVzaWNlJTNEJTI2bmFTdHJlZCUzRGFubyUyNmN0dnJ0bGV0aSUzRG5lJTI2c3RpbiUzRG5lJTI2amF6eWslM0RjeiUyNmplZG5vdGt5JTNEbmUlMjZpZEplZG5vdGt5JTNEMTg4MjglMjZ2eXBpc0plZG5vdGt5JTNEbmUlMjZzb3Vocm5ueSUzRCUyNnBvemFkaSUzRGZmZmZmZiUyNmthbGVuZGFyVGV4dCUzRDAwMDAwMCUyNmthbGVuZGFyUG96YWRpJTNEZmZmZmZmJTI2cmFtZWNlayUzRGRkZGRkZCUyNm1lc2ljVGV4dCUzRDU1NTU1NSUyNm1lc2ljUG96YWRpJTNEZGRkZGRkJTI2ZG55VGV4dCUzRDAwODAwMCUyNmRueVBvemFkaWElM0RmZmZmZmYlMjZvYnNhemVub1RleHQlM0QyMjIyMjIlMjZvYnNhemVub1BvemFkaSUzRGY3NDg0OCUyNnZvbG5vVGV4dCUzRDIyMjIyMiUyNnZvbG5vUG96YWRpJTNENjdjZjY3JTI2Y2FzdGVjbmVUZXh0JTNEMjIyMjIyJTI2Y2FzdGVjbmVQb3phZGklM0Q0ODljZTAlMjZuZWFrdGl2bmlEbnlUZXh0JTNEYmJiYmJiJTI2bmVha3Rpdm5pRG55UG96YWRpJTNEZmZmZmZmJTI2bGVnZW5kYVRleHQlM0QwMDAwMDAlMjZmb250RmFtaWx5JTNEVmVyZGFuYSUyNmV4dENzcyUzRCUyMiUyMGhlaWdodCUzRCUyMjQ2MHB4JTIyJTIwd2lkdGglM0QlMjIxMDAlMjUlMjIlMjBmcmFtZWJvcmRlciUzRCUyMjAlMjIlMjBpZCUzRCUyMmVjaGFsdXB5LWthbGVuZGFyJTIyJTNFJTNDJTJGaWZyYW1lJTNF[\/vc_raw_html][\/vc_column][vc_column width=&#8221;1\/3&#8243;]<div class=\"sohohotel-title1 sohohotel-title-color\"><h1>Rezervace<\/h1><h3><\/h3><\/div>[vc_message color=&#8221;info&#8221;]N\u00ed\u017ee v textu, pros\u00edme, uve\u010fte v\u011bk d\u011bt\u00ed.[\/vc_message][vc_raw_html]JTNDc2NyaXB0JTIwaWQlM0QlMjJlY2gta29udGFrdCUyMiUzRXdpbmRvdy5lY2hfa29udGFrdCUzRCU3QiUwQWlkJTNBJTIwJTI3MTQ2NjMlMjclMkMlMEFrbGljJTNBJTIwJTI3NjY1N2JhYjkyOTJBMkFBJTI3JTJDJTBBc3R5bCUzQSUyMCUyNzIlMjclMkMlMEFmb250RmFtaWx5JTNBJTIwJTI3VmVyZGFuYSUyNyUyQyUwQXRleHQlM0ElMjAlMjclMjMzMzMzMzMlMjclMkMlMEFiYXJ2YVRsYWNpdGtvJTNBJTIwJTI3JTIzMzc4ZjUyJTI3JTJDJTBBYmFydmFGb2N1cyUzQSUyMCUyNyUyMzM3OGY1MiUyNyUyQyUwQWt1bGF0ZVJvaHklM0ElMjAlMjc1cHglMjclMkMlMEFhbnRpc3BhbSUzQSUyMCUyN2FubyUyNyUyQyUwQXBvc2xhdEtvcGlpJTNBJTIwJTI3YW5vJTI3JTJDJTBBbmFkcGlzSmVkbm90a3klM0ElMjAlMjdWeWJlcnRlJTIwcG9rb2olMjclMkMlMEFwcmVkbmFzdGF2ZW5hSmVkbm90a2ElM0ElMjAlMjcxODgyOCUyNyUyQyUwQWphenlrJTNBJTIwJTI3Y3MlMjclMkMlMEF0aHhVcmwlM0ElMjAlMjdodHRwcyUzQSUyRiUyRnd3dy5yYWRvc3QtYXBhcnRtYW55LmN6JTJGY3MlMkZyZXplcnZhY2UlMkZwb3R2cnplbmktcmV6ZXJ2YWNlJTJGJTI3JTJDJTBBcG9kbWlua3klM0ElMjAlMjdTb3VobGFzJTIwc2UlMjB6cHJhY292JUMzJUExbiVDMyVBRG0lMjBvc29ibiVDMyVBRGNoJTIwJUMzJUJBZGFqJUM1JUFGJTI3JTJDJTBBdnliZXJKZWRub3RreSUzQSUyMCUyN25lJTI3JTJDJTBBJTdEJTNCJTBBJTI4ZnVuY3Rpb24lMjh3JTJDZCUyQ28lMkNnJTJDciUyQ20lMjklN0JhJTNEZC5jcmVhdGVFbGVtZW50JTI4byUyOSUyQ20lM0RkLmdldEVsZW1lbnRzQnlUYWdOYW1lJTI4byUyOSU1QjAlNUQlM0JhLmFzeW5jJTNEMSUzQmEuc3JjJTNEZyUzQm0ucGFyZW50Tm9kZS5pbnNlcnRCZWZvcmUlMjhhJTJDbSUyOSU3RCUyOSUyOHdpbmRvdyUyQ2RvY3VtZW50JTJDJTI3c2NyaXB0JTI3JTJDJTI3aHR0cHMlM0ElMkYlMkZhcGkyLmUtY2hhbHVweS5jeiUyRmtvbmZpZ3VyYXRvciUyRmtvbnRha3QlMkZqcyUyRmtvbnRha3QuanMlM0Z2JTNEMTcwMTMwMzk3NyUyNyUyOSUzQiUzQyUyRnNjcmlwdCUzRQ==[\/vc_raw_html][\/vc_column][\/vc_row]<\/p>\n<\/div>","protected":false},"excerpt":{"rendered":"<p>[vc_row fixed_width=&#8221;true&#8221;][vc_column width=&#8221;2\/3&#8243;][vc_column_text]2l\u016f\u017ekov\u00fd apartm\u00e1n v 1.pat\u0159e, rozm\u011br 25m2. Apartm\u00e1n je tvo\u0159en 3 m\u00edstnostmi \u2013 Chodbou se sk\u0159\u00edn\u00ed a v\u011b\u0161\u00e1kem, Koupelnou s WC a sprchov\u00fdm koutem, Ob\u00fdvac\u00ed \u010d\u00e1st\u00ed. Dvoul\u016f\u017ekov\u00fd apartm\u00e1n je vybaven pohodlnou man\u017eelskou postel\u00ed, \u00falo\u017en\u00fdmi prostory, pln\u011b vybavenou kuchy\u0148kou s j\u00eddeln\u00edm koutem (mikrovlnn\u00e1 trouba, rychlovarn\u00e1 konvice, ledni\u010dka, varn\u00e1 deska, my\u010dka na n\u00e1dob\u00ed a kompletn\u00ed j\u00eddeln\u00ed<\/p>\n<a href=\"https:\/\/www.radost-apartmany.cz\/cs\/rezervace\/apartman-3\/\" class=\"sohohotel-more-link\">Read More<i class=\"fa fa-angle-right\"><\/i><\/a>","protected":false},"author":1,"featured_media":958,"parent":17,"menu_order":3,"comment_status":"closed","ping_status":"closed","template":"","meta":{"footnotes":""},"categories":[14],"tags":[],"class_list":["post-945","page","type-page","status-publish","has-post-thumbnail","hentry","category-apartmany"],"_links":{"self":[{"href":"https:\/\/www.radost-apartmany.cz\/cs\/wp-json\/wp\/v2\/pages\/945","targetHints":{"allow":["GET"]}}],"collection":[{"href":"https:\/\/www.radost-apartmany.cz\/cs\/wp-json\/wp\/v2\/pages"}],"about":[{"href":"https:\/\/www.radost-apartmany.cz\/cs\/wp-json\/wp\/v2\/types\/page"}],"author":[{"embeddable":true,"href":"https:\/\/www.radost-apartmany.cz\/cs\/wp-json\/wp\/v2\/users\/1"}],"replies":[{"embeddable":true,"href":"https:\/\/www.radost-apartmany.cz\/cs\/wp-json\/wp\/v2\/comments?post=945"}],"version-history":[{"count":10,"href":"https:\/\/www.radost-apartmany.cz\/cs\/wp-json\/wp\/v2\/pages\/945\/revisions"}],"predecessor-version":[{"id":1099,"href":"https:\/\/www.radost-apartmany.cz\/cs\/wp-json\/wp\/v2\/pages\/945\/revisions\/1099"}],"up":[{"embeddable":true,"href":"https:\/\/www.radost-apartmany.cz\/cs\/wp-json\/wp\/v2\/pages\/17"}],"wp:featuredmedia":[{"embeddable":true,"href":"https:\/\/www.radost-apartmany.cz\/cs\/wp-json\/wp\/v2\/media\/958"}],"wp:attachment":[{"href":"https:\/\/www.radost-apartmany.cz\/cs\/wp-json\/wp\/v2\/media?parent=945"}],"wp:term":[{"taxonomy":"category","embeddable":true,"href":"https:\/\/www.radost-apartmany.cz\/cs\/wp-json\/wp\/v2\/categories?post=945"},{"taxonomy":"post_tag","embeddable":true,"href":"https:\/\/www.radost-apartmany.cz\/cs\/wp-json\/wp\/v2\/tags?post=945"}],"curies":[{"name":"wp","href":"https:\/\/api.w.org\/{rel}","templated":true}]}}