{"id":8,"date":"2023-07-08T17:37:58","date_gmt":"2023-07-08T15:37:58","guid":{"rendered":"https:\/\/www.radost-apartmany.cz\/?page_id=8"},"modified":"2023-11-13T08:03:12","modified_gmt":"2023-11-13T07:03:12","slug":"o-nas","status":"publish","type":"page","link":"https:\/\/www.radost-apartmany.cz\/cs\/o-nas\/","title":{"rendered":"O n\u00e1s"},"content":{"rendered":"<div class=\"wpb-content-wrapper\"><p>[vc_row gap=&#8221;10&#8243; equal_height=&#8221;yes&#8221; content_placement=&#8221;middle&#8221; fixed_width=&#8221;true&#8221;][vc_column width=&#8221;1\/2&#8243;]<div class=\"sohohotel-title3 sohohotel-title-color\"><h4>Radost Apartm\u00e1ny<\/h4><\/div>[vc_column_text]<strong>Nov\u011b zrekonstruovan\u00e9 apartm\u00e1ny se nach\u00e1zej\u00ed v m\u011bstyse Kov\u00e1\u0159sk\u00e1 v okrese Chomutov v \u00dasteck\u00e9m kraji v sam\u00e9m srdci Kru\u0161n\u00fdch hor<\/strong>, kter\u00e9 tvo\u0159\u00ed p\u0159irozenou hranici mezi \u010cechami a N\u011bmeckem.<\/p>\n<p><strong>Nejvy\u0161\u0161\u00edm vrcholem<\/strong> na \u010desk\u00e9 \u010d\u00e1sti Kru\u0161n\u00fdch hor je <strong>Kl\u00ednovec<\/strong> (1.244 m), kter\u00fd je od Kov\u00e1\u0159sk\u00e9 vzd\u00e1len 6 km a na n\u011bmeck\u00e9 \u010d\u00e1sti <strong>Fichtelberg<\/strong> (1.214 m).<\/p>\n<p>Ide\u00e1ln\u00ed m\u00edsto pro Va\u0161i rodinnou dovolenou, v\u00edkend s p\u0159\u00e1teli \u010di firemn\u00ed akci.[\/vc_column_text][\/vc_column][vc_column width=&#8221;1\/2&#8243;][vc_single_image image=&#8221;43&#8243; img_size=&#8221;600&#215;600&#8243; alignment=&#8221;center&#8221; css_animation=&#8221;fadeInRight&#8221;][\/vc_column][\/vc_row][vc_row gap=&#8221;10&#8243; equal_height=&#8221;yes&#8221; content_placement=&#8221;middle&#8221; fixed_width=&#8221;true&#8221;][vc_column width=&#8221;1\/2&#8243;][vc_single_image image=&#8221;44&#8243; img_size=&#8221;600&#215;338&#8243; alignment=&#8221;center&#8221; css_animation=&#8221;fadeInLeft&#8221;][\/vc_column][vc_column width=&#8221;1\/2&#8243;]<div class=\"sohohotel-title3 sohohotel-title-color\"><h4>Radost Apartm\u00e1ny<\/h4><\/div>[vc_column_text]Nab\u00edz\u00edme ubytov\u00e1n\u00ed v p\u011bti \u00fatuln\u00fdch, nov\u011b rekonstruovan\u00fdch apartm\u00e1nech. Dvakr\u00e1t dvoul\u016f\u017eko, dvakr\u00e1t \u010dty\u0159l\u016f\u017eko (samostatn\u00e1 lo\u017enice a pohodln\u00fd rozkl\u00e1dac\u00ed gau\u010d v ob\u00fdvac\u00ed \u010d\u00e1sti) a jeden pokoj bez kuchyn\u011b v podkrov\u00ed.<\/p>\n<p>Ve \u010dty\u0159ech najdete pln\u011b vybavenou kuchy\u0148ku s j\u00eddeln\u00edm koutem (mikrovlnn\u00e1 trouba, rychlovarn\u00e1 konvice, ledni\u010dka, varn\u00e1 deska, my\u010dka n\u00e1dob\u00ed, kompletn\u00ed j\u00eddeln\u00ed a k\u00e1vov\u00e1 sada a vybaven\u00ed na va\u0159en\u00ed). Apartm\u00e1ny jsou za\u0159\u00edzeny pohodln\u00fdmi postelemi. Ob\u00fdvac\u00ed m\u00edstnost sk\u0159\u00ed\u0148kami k ulo\u017een\u00ed oble\u010den\u00ed a \u0161iroko\u00fahlou TV. V koupeln\u011b je sprcha, WC a topn\u00fd \u017eeb\u0159\u00edk. V apartm\u00e1nu jsou k dispozici ru\u010dn\u00edky, lo\u017en\u00ed pr\u00e1dlo, ut\u011brky, myc\u00ed prost\u0159edky, tablety do my\u010dky, toaletn\u00ed pap\u00edr.<\/p>\n<p>Mo\u017enost zap\u016fj\u010den\u00ed j\u00eddeln\u00ed \u017eidli\u010dky, adapt\u00e9ru na WC \u010di d\u011btsk\u00e9 stup\u00e1tko.<\/p>\n<p>Je mo\u017en\u00e9 vyu\u017e\u00edt spole\u010densk\u00e9 m\u00edstnosti s kuchyn\u00ed, elektrickou troubou a kapacitou 20 m\u00edst k sezen\u00ed.<\/p>\n<p>K dispozici je velk\u00e9 mno\u017estv\u00ed spole\u010densk\u00fdch her k zap\u016fj\u010den\u00ed. D\u011btsk\u00fd koutek. K\u00e1vovar Nescafe Dolce Gusto s r\u016fzn\u00fdmi druhy kapsl\u00ed.<\/p>\n<p>V p\u0159\u00edpad\u011b pot\u0159eby je v budov\u011b k dispozici pra\u010dka a su\u0161i\u010dka. Ve vstupn\u00ed hale je mo\u017enost usu\u0161it mokr\u00e9 oble\u010den\u00ed nad radi\u00e1torem se zav\u011b\u0161en\u00edm na st\u011bnov\u00e9 dr\u017e\u00e1ky.[\/vc_column_text][\/vc_column][\/vc_row][vc_row gap=&#8221;10&#8243; equal_height=&#8221;yes&#8221; content_placement=&#8221;middle&#8221; fixed_width=&#8221;true&#8221;][vc_column width=&#8221;1\/2&#8243;]<div class=\"sohohotel-title3 sohohotel-title-color\"><h4>Radost Apartm\u00e1ny<\/h4><\/div>[vc_column_text]Bezplatn\u00e9 p\u0159ipojen\u00ed k WiFi v cel\u00e9m objektu.<br \/>\nMo\u017enost nab\u00edjen\u00ed elektrick\u00fdch aut p\u0159\u00edmo na na\u0161em parkovi\u0161ti.<\/p>\n<p>Venku je samostatn\u011b postavena ly\u017e\u00e1rna\/kol\u00e1rna, kde je st\u016fl na pingpong. V tepl\u00fdch m\u011bs\u00edc\u00edch lze vyu\u017e\u00edt terasy a venkovn\u00edho posezen\u00ed s krbem, d\u011btsk\u00fdch houpa\u010dek a travnat\u00e9ho h\u0159i\u0161t\u011b.<\/p>\n<p>Wellness aktivity v p\u0159\u00edprav\u011b.[\/vc_column_text][\/vc_column][vc_column width=&#8221;1\/2&#8243;][vc_single_image image=&#8221;45&#8243; img_size=&#8221;600&#215;600&#8243; alignment=&#8221;center&#8221; css_animation=&#8221;fadeInRight&#8221;][\/vc_column][\/vc_row][vc_row gap=&#8221;10&#8243; equal_height=&#8221;yes&#8221; content_placement=&#8221;middle&#8221; fixed_width=&#8221;true&#8221;][vc_column width=&#8221;1\/2&#8243;][vc_single_image image=&#8221;46&#8243; img_size=&#8221;600&#215;600&#8243; alignment=&#8221;center&#8221; css_animation=&#8221;fadeInLeft&#8221;][\/vc_column][vc_column width=&#8221;1\/2&#8243;]<div class=\"sohohotel-title3 sohohotel-title-color\"><h4>Radost Apartm\u00e1ny<\/h4><\/div>[vc_column_text]V Kov\u00e1\u0159sk\u00e9 jsou 2x mal\u00e9 potraviny, cukr\u00e1rna, restaurace Horsk\u00e1 ba\u0161ta nebo Avionika.<\/p>\n<p>Dal\u0161\u00ed mo\u017enosti n\u00e1kup\u016f jsou ve m\u011bst\u011b Vejprty 8 km (Billa) \u010di na Bo\u017e\u00edm daru 13 km (Coop).<\/p>\n<p>D\u00e1le v N\u011bmecku v B\u00e4renstein 9,5 km (Penny), v Oberwiesenthal 17 km (Edeka), v Annaberg-Buchholz 25 km je velk\u00e9 mno\u017estv\u00ed r\u016fzn\u00fdch mo\u017enost\u00ed (Kaufland, Penny, Edeka, Aldi aj.).[\/vc_column_text][\/vc_column][\/vc_row][vc_row gap=&#8221;10&#8243; equal_height=&#8221;yes&#8221; content_placement=&#8221;middle&#8221; fixed_width=&#8221;true&#8221;][vc_column width=&#8221;1\/2&#8243;]<div class=\"sohohotel-title3 sohohotel-title-color\"><h4>Radost Apartm\u00e1ny<\/h4><\/div>[vc_column_text]Obl\u00edbenou restaurac\u00ed je pivovar \u010cerven\u00fd vlk na Bo\u017e\u00edm daru, v Lou\u010dn\u00e9 pod Kl\u00ednovcem restaurace K\u00f6nig\u016fv ml\u00fdn nebo hotel JOY, ve Vejprtech restaurace Pod Lipami nebo italsk\u00e1 restaurace Al Torrente.[\/vc_column_text][\/vc_column][vc_column width=&#8221;1\/2&#8243;][vc_single_image image=&#8221;47&#8243; img_size=&#8221;600&#215;600&#8243; alignment=&#8221;center&#8221; css_animation=&#8221;fadeInRight&#8221;][\/vc_column][\/vc_row]<\/p>\n<\/div>","protected":false},"excerpt":{"rendered":"<p>[vc_row gap=&#8221;10&#8243; equal_height=&#8221;yes&#8221; content_placement=&#8221;middle&#8221; fixed_width=&#8221;true&#8221;][vc_column width=&#8221;1\/2&#8243;][vc_column_text]Nov\u011b zrekonstruovan\u00e9 apartm\u00e1ny se nach\u00e1zej\u00ed v m\u011bstyse Kov\u00e1\u0159sk\u00e1 v okrese Chomutov v \u00dasteck\u00e9m kraji v sam\u00e9m srdci Kru\u0161n\u00fdch hor, kter\u00e9 tvo\u0159\u00ed p\u0159irozenou hranici mezi \u010cechami a N\u011bmeckem. Nejvy\u0161\u0161\u00edm vrcholem na \u010desk\u00e9 \u010d\u00e1sti Kru\u0161n\u00fdch hor je Kl\u00ednovec (1.244 m), kter\u00fd je od Kov\u00e1\u0159sk\u00e9 vzd\u00e1len 6 km a na n\u011bmeck\u00e9 \u010d\u00e1sti Fichtelberg<\/p>\n<a href=\"https:\/\/www.radost-apartmany.cz\/cs\/o-nas\/\" class=\"sohohotel-more-link\">Read More<i class=\"fa fa-angle-right\"><\/i><\/a>","protected":false},"author":1,"featured_media":0,"parent":0,"menu_order":2,"comment_status":"closed","ping_status":"closed","template":"","meta":{"footnotes":""},"categories":[],"tags":[],"class_list":["post-8","page","type-page","status-publish","hentry"],"_links":{"self":[{"href":"https:\/\/www.radost-apartmany.cz\/cs\/wp-json\/wp\/v2\/pages\/8","targetHints":{"allow":["GET"]}}],"collection":[{"href":"https:\/\/www.radost-apartmany.cz\/cs\/wp-json\/wp\/v2\/pages"}],"about":[{"href":"https:\/\/www.radost-apartmany.cz\/cs\/wp-json\/wp\/v2\/types\/page"}],"author":[{"embeddable":true,"href":"https:\/\/www.radost-apartmany.cz\/cs\/wp-json\/wp\/v2\/users\/1"}],"replies":[{"embeddable":true,"href":"https:\/\/www.radost-apartmany.cz\/cs\/wp-json\/wp\/v2\/comments?post=8"}],"version-history":[{"count":6,"href":"https:\/\/www.radost-apartmany.cz\/cs\/wp-json\/wp\/v2\/pages\/8\/revisions"}],"predecessor-version":[{"id":50,"href":"https:\/\/www.radost-apartmany.cz\/cs\/wp-json\/wp\/v2\/pages\/8\/revisions\/50"}],"wp:attachment":[{"href":"https:\/\/www.radost-apartmany.cz\/cs\/wp-json\/wp\/v2\/media?parent=8"}],"wp:term":[{"taxonomy":"category","embeddable":true,"href":"https:\/\/www.radost-apartmany.cz\/cs\/wp-json\/wp\/v2\/categories?post=8"},{"taxonomy":"post_tag","embeddable":true,"href":"https:\/\/www.radost-apartmany.cz\/cs\/wp-json\/wp\/v2\/tags?post=8"}],"curies":[{"name":"wp","href":"https:\/\/api.w.org\/{rel}","templated":true}]}}