{"id":6,"date":"2023-07-08T17:37:02","date_gmt":"2023-07-08T15:37:02","guid":{"rendered":"https:\/\/www.radost-apartmany.cz\/?page_id=6"},"modified":"2024-10-13T20:53:37","modified_gmt":"2024-10-13T18:53:37","slug":"hlavni-stranka","status":"publish","type":"page","link":"https:\/\/www.radost-apartmany.cz\/cs\/","title":{"rendered":"Hlavn\u00ed str\u00e1nka"},"content":{"rendered":"<div class=\"wpb-content-wrapper\"><p>[vc_row css=&#8221;.vc_custom_1701305058456{padding-right: 0px !important;padding-left: 0px !important;}&#8221;][vc_column][vc_single_image image=&#8221;1104&#8243; img_size=&#8221;full&#8221; alignment=&#8221;center&#8221; css_animation=&#8221;fadeIn&#8221; css=&#8221;.vc_custom_1701304992876{margin-right: 0px !important;margin-left: 0px !important;border-right-width: 0px !important;border-left-width: 0px !important;padding-right: 0px !important;padding-left: 0px !important;}&#8221;][\/vc_column][\/vc_row][vc_row fixed_width=&#8221;true&#8221;][vc_column]<div class=\"sohohotel-title1 sohohotel-title-color\"><h1>Radost Apartm\u00e1ny<\/h1><h3><\/h3><\/div>[vc_column_text]<strong>Nov\u011b zrekonstruovan\u00e9 apartm\u00e1ny se nach\u00e1zej\u00ed v m\u011bstyse Kov\u00e1\u0159sk\u00e1 v okrese Chomutov v \u00dasteck\u00e9m kraji v sam\u00e9m srdci Kru\u0161n\u00fdch hor<\/strong>, kter\u00e9 tvo\u0159\u00ed p\u0159irozenou hranici mezi \u010cechami a N\u011bmeckem.<\/p>\n<p><strong>Nejvy\u0161\u0161\u00edm vrcholem<\/strong> na \u010desk\u00e9 \u010d\u00e1sti Kru\u0161n\u00fdch hor je <strong>Kl\u00ednovec<\/strong> (1.244 m), kter\u00fd je od Kov\u00e1\u0159sk\u00e9 vzd\u00e1len 6 km a na n\u011bmeck\u00e9 \u010d\u00e1sti <strong>Fichtelberg<\/strong> (1.214 m).<\/p>\n<p>Ide\u00e1ln\u00ed m\u00edsto pro Va\u0161i rodinnou dovolenou, v\u00edkend s p\u0159\u00e1teli \u010di firemn\u00ed akci.[\/vc_column_text][vc_zigzag][vc_empty_space][\/vc_column][\/vc_row][vc_row fixed_width=&#8221;true&#8221;][vc_column]<div class=\"sohohotel-title1 sohohotel-title-color\"><h1>Prohl\u00e9dn\u011bte si na\u0161ich 5 apartm\u00e1n\u016f<\/h1><h3><\/h3><\/div>[vc_basic_grid post_type=&#8221;page&#8221; max_items=&#8221;10&#8243; orderby=&#8221;menu_order&#8221; order=&#8221;ASC&#8221; grid_id=&#8221;vc_gid:1728845597805-6920cd951c9e0e98c5597feadf605dc2-5&#8243; taxonomies=&#8221;14&#8243;][vc_zigzag][vc_empty_space][\/vc_column][\/vc_row][vc_row fixed_width=&#8221;true&#8221;][vc_column width=&#8221;1\/2&#8243;][vc_raw_html]JTNDdmlkZW8lMjBjb250cm9scyUyMHN0eWxlJTNEJTIyd2lkdGglM0ExMDAlMjUlM0IlMjIlM0UlMEElMjAlMjAlM0Nzb3VyY2UlMjBzcmMlM0QlMjIlMkZ3cC1jb250ZW50JTJGdXBsb2FkcyUyRjIwMjQlMkYwMSUyRkRBS196aW1hX3Nwb3J0X2xvdy5tcDQlMjIlMjB0eXBlJTNEJTIydmlkZW8lMkZtcDQlMjIlM0UlMEElM0MlMkZ2aWRlbyUzRQ==[\/vc_raw_html][\/vc_column][vc_column width=&#8221;1\/2&#8243;][vc_raw_html]JTNDdmlkZW8lMjBjb250cm9scyUyMHBvc3RlciUzRCUyMiUyRndwLWNvbnRlbnQlMkZ1cGxvYWRzJTJGMjAyNCUyRjAxJTJGREFLX3ppbWFfcHJpcm9kYV9sb3dfcG9zdGVyLmpwZyUyMiUyMHN0eWxlJTNEJTIyd2lkdGglM0ExMDAlMjUlM0IlMjIlM0UlMEElMjAlMjAlM0Nzb3VyY2UlMjBzcmMlM0QlMjIlMkZ3cC1jb250ZW50JTJGdXBsb2FkcyUyRjIwMjQlMkYwMSUyRkRBS196aW1hX3ByaXJvZGFfbG93Lm1wNCUyMiUyMHR5cGUlM0QlMjJ2aWRlbyUyRm1wNCUyMiUzRSUwQSUzQyUyRnZpZGVvJTNF[\/vc_raw_html][\/vc_column][\/vc_row][vc_row fixed_width=&#8221;true&#8221;][vc_column][vc_zigzag][vc_empty_space]<div class=\"sohohotel-title1 sohohotel-title-color\"><h1>Reference z Booking.com<\/h1><h3><\/h3><\/div>[vc_raw_html]JTVCdHJ1c3RpbmRleCUyMG5vLXJlZ2lzdHJhdGlvbiUzRGJvb2tpbmclNUQ=[\/vc_raw_html][\/vc_column][\/vc_row]<\/p>\n<\/div>","protected":false},"excerpt":{"rendered":"<p>[vc_row css=&#8221;.vc_custom_1701305058456{padding-right: 0px !important;padding-left: 0px !important;}&#8221;][vc_column][vc_single_image image=&#8221;1104&#8243; img_size=&#8221;full&#8221; alignment=&#8221;center&#8221; css_animation=&#8221;fadeIn&#8221; css=&#8221;.vc_custom_1701304992876{margin-right: 0px !important;margin-left: 0px !important;border-right-width: 0px !important;border-left-width: 0px !important;padding-right: 0px !important;padding-left: 0px !important;}&#8221;][\/vc_column][\/vc_row][vc_row fixed_width=&#8221;true&#8221;][vc_column][vc_column_text]Nov\u011b zrekonstruovan\u00e9 apartm\u00e1ny se nach\u00e1zej\u00ed v m\u011bstyse Kov\u00e1\u0159sk\u00e1 v okrese Chomutov v \u00dasteck\u00e9m kraji v sam\u00e9m srdci Kru\u0161n\u00fdch hor, kter\u00e9 tvo\u0159\u00ed p\u0159irozenou hranici mezi \u010cechami a N\u011bmeckem. Nejvy\u0161\u0161\u00edm vrcholem na \u010desk\u00e9 \u010d\u00e1sti<\/p>\n<a href=\"https:\/\/www.radost-apartmany.cz\/cs\/\" class=\"sohohotel-more-link\">Read More<i class=\"fa fa-angle-right\"><\/i><\/a>","protected":false},"author":1,"featured_media":0,"parent":0,"menu_order":1,"comment_status":"closed","ping_status":"closed","template":"","meta":{"footnotes":""},"categories":[],"tags":[],"class_list":["post-6","page","type-page","status-publish","hentry"],"_links":{"self":[{"href":"https:\/\/www.radost-apartmany.cz\/cs\/wp-json\/wp\/v2\/pages\/6","targetHints":{"allow":["GET"]}}],"collection":[{"href":"https:\/\/www.radost-apartmany.cz\/cs\/wp-json\/wp\/v2\/pages"}],"about":[{"href":"https:\/\/www.radost-apartmany.cz\/cs\/wp-json\/wp\/v2\/types\/page"}],"author":[{"embeddable":true,"href":"https:\/\/www.radost-apartmany.cz\/cs\/wp-json\/wp\/v2\/users\/1"}],"replies":[{"embeddable":true,"href":"https:\/\/www.radost-apartmany.cz\/cs\/wp-json\/wp\/v2\/comments?post=6"}],"version-history":[{"count":25,"href":"https:\/\/www.radost-apartmany.cz\/cs\/wp-json\/wp\/v2\/pages\/6\/revisions"}],"predecessor-version":[{"id":1157,"href":"https:\/\/www.radost-apartmany.cz\/cs\/wp-json\/wp\/v2\/pages\/6\/revisions\/1157"}],"wp:attachment":[{"href":"https:\/\/www.radost-apartmany.cz\/cs\/wp-json\/wp\/v2\/media?parent=6"}],"wp:term":[{"taxonomy":"category","embeddable":true,"href":"https:\/\/www.radost-apartmany.cz\/cs\/wp-json\/wp\/v2\/categories?post=6"},{"taxonomy":"post_tag","embeddable":true,"href":"https:\/\/www.radost-apartmany.cz\/cs\/wp-json\/wp\/v2\/tags?post=6"}],"curies":[{"name":"wp","href":"https:\/\/api.w.org\/{rel}","templated":true}]}}