{"id":21,"date":"2023-07-08T17:39:03","date_gmt":"2023-07-08T15:39:03","guid":{"rendered":"https:\/\/www.radost-apartmany.cz\/?page_id=21"},"modified":"2023-11-30T23:05:24","modified_gmt":"2023-11-30T22:05:24","slug":"kontakt","status":"publish","type":"page","link":"https:\/\/www.radost-apartmany.cz\/cs\/kontakt\/","title":{"rendered":"Kontakt"},"content":{"rendered":"<div class=\"wpb-content-wrapper\"><p>[vc_row gap=&#8221;10&#8243; fixed_width=&#8221;true&#8221;][vc_column width=&#8221;1\/2&#8243;]<div class=\"sohohotel-title3 sohohotel-title-color\"><h4>Adresa<\/h4><\/div>[vc_column_text]Apartm\u00e1ny RADOST<br \/>\nV Koutech 503<br \/>\n431 56 Kov\u00e1\u0159sk\u00e1[\/vc_column_text]<ul class=\"sohohotel-social-links sohohotel-clearfix\"><li><a href=\"https:\/\/www.facebook.com\/radostapartmany\" target=\"_blank\"><i class=\"fa fa-facebook\"><\/i><\/a><\/li><li><a href=\"https:\/\/www.instagram.com\/radost_apartmany\/\" target=\"_blank\"><i class=\"fa fa-instagram\"><\/i><\/a><\/li><\/ul>[vc_empty_space][vc_separator]<div class=\"sohohotel-title3 sohohotel-title-color\"><h4>Rezervace<\/h4><\/div>[vc_column_text]Telefon: <a href=\"tel:+420602135425\">+420 602 135 425<\/a><br \/>\ne-mail: <a href=\"mailto:radost.apartmany@gmail.com\">radost.apartmany@gmail.com<\/a><\/p>\n<p>booking: <a href=\"https:\/\/www.booking.com\/hotel\/cz\/apartmany-radost.cs.html\" target=\"_blank\" rel=\"noopener\">Apartm\u00e1ny RADOST<\/a><br \/>\ne-chalupy: <a href=\"https:\/\/www.e-chalupy.cz\/krusne_hory\/apartmany-radost-kovarska-ubytovani-14663.php\" target=\"_blank\" rel=\"noopener\">Apartm\u00e1ny RADOST<\/a>[\/vc_column_text][vc_separator]<div class=\"sohohotel-title3 sohohotel-title-color\"><h4>Provozovatel<\/h4><\/div>[vc_column_text]Daniel Krej\u010d\u00ed, Br\u0148any 170, 412 01 Br\u0148any<br \/>\nI\u010cO: 65061136<br \/>\nDI\u010c: CZ7208102682[\/vc_column_text][\/vc_column][vc_column width=&#8221;1\/2&#8243;][vc_raw_html]JTNDaWZyYW1lJTIwc3R5bGUlM0QlMjJib3JkZXIlM0Fub25lJTIyJTIwc3JjJTNEJTIyaHR0cHMlM0ElMkYlMkZmcmFtZS5tYXB5LmN6JTJGcyUyRmh1a29sb3ZhYm8lMjIlMjB3aWR0aCUzRCUyMjU0NSUyMiUyMGhlaWdodCUzRCUyMjQ2MCUyMiUyMGZyYW1lYm9yZGVyJTNEJTIyMCUyMiUzRSUzQyUyRmlmcmFtZSUzRQ==[\/vc_raw_html]<div class=\"sohohotel-title2 sohohotel-title-color\"><h3>M\u00e1te dotaz? Kontaktujte n\u00e1s<\/h3><\/div>\n<div class=\"wpcf7 no-js\" id=\"wpcf7-f5-o1\" lang=\"cs-CZ\" dir=\"ltr\">\n<div class=\"screen-reader-response\"><p role=\"status\" aria-live=\"polite\" aria-atomic=\"true\"><\/p> <ul><\/ul><\/div>\n<form action=\"\/cs\/wp-json\/wp\/v2\/pages\/21#wpcf7-f5-o1\" method=\"post\" class=\"wpcf7-form init\" aria-label=\"Kontaktn\u00ed formul\u00e1\u0159\" novalidate=\"novalidate\" data-status=\"init\">\n<div style=\"display: none;\">\n<input type=\"hidden\" name=\"_wpcf7\" value=\"5\" \/>\n<input type=\"hidden\" name=\"_wpcf7_version\" value=\"5.9.8\" \/>\n<input type=\"hidden\" name=\"_wpcf7_locale\" value=\"cs_CZ\" \/>\n<input type=\"hidden\" name=\"_wpcf7_unit_tag\" value=\"wpcf7-f5-o1\" \/>\n<input type=\"hidden\" name=\"_wpcf7_container_post\" value=\"0\" \/>\n<input type=\"hidden\" name=\"_wpcf7_posted_data_hash\" value=\"\" \/>\n<\/div>\n<p><label> Va\u0161e Jm\u00e9no (vy\u017eadov\u00e1no)<br \/>\n<span class=\"wpcf7-form-control-wrap\" data-name=\"your-name\"><input size=\"40\" maxlength=\"400\" class=\"wpcf7-form-control wpcf7-text wpcf7-validates-as-required\" autocomplete=\"name\" aria-required=\"true\" aria-invalid=\"false\" value=\"\" type=\"text\" name=\"your-name\" \/><\/span> <\/label>\n<\/p>\n<p><label> V\u00e1\u0161 email (vy\u017eadov\u00e1no)<br \/>\n<span class=\"wpcf7-form-control-wrap\" data-name=\"your-email\"><input size=\"40\" maxlength=\"400\" class=\"wpcf7-form-control wpcf7-email wpcf7-validates-as-required wpcf7-text wpcf7-validates-as-email\" autocomplete=\"email\" aria-required=\"true\" aria-invalid=\"false\" value=\"\" type=\"email\" name=\"your-email\" \/><\/span> <\/label>\n<\/p>\n<p><label> V\u00e1\u0161 telefon (vy\u017eadov\u00e1no)<br \/>\n<span class=\"wpcf7-form-control-wrap\" data-name=\"telefon\"><input size=\"40\" maxlength=\"400\" class=\"wpcf7-form-control wpcf7-tel wpcf7-validates-as-required wpcf7-text wpcf7-validates-as-tel\" aria-required=\"true\" aria-invalid=\"false\" value=\"\" type=\"tel\" name=\"telefon\" \/><\/span> <\/label>\n<\/p>\n<p><label> P\u0159edm\u011bt (vy\u017eadov\u00e1no)<br \/>\n<span class=\"wpcf7-form-control-wrap\" data-name=\"your-subject\"><input size=\"40\" maxlength=\"400\" class=\"wpcf7-form-control wpcf7-text wpcf7-validates-as-required\" aria-required=\"true\" aria-invalid=\"false\" value=\"\" type=\"text\" name=\"your-subject\" \/><\/span> <\/label>\n<\/p>\n<p><label> Zpr\u00e1va (voliteln\u011b)<br \/>\n<span class=\"wpcf7-form-control-wrap\" data-name=\"your-message\"><textarea cols=\"40\" rows=\"10\" maxlength=\"2000\" class=\"wpcf7-form-control wpcf7-textarea\" aria-invalid=\"false\" name=\"your-message\"><\/textarea><\/span> <\/label>\n<\/p>\n<p><label>Opi\u0161te text (vy\u017eadov\u00e1no): <input type=\"hidden\" name=\"_wpcf7_captcha_challenge_captcha-517\" value=\"3954412729\" \/><img loading=\"lazy\" decoding=\"async\" class=\"wpcf7-form-control wpcf7-captchac wpcf7-captcha-captcha-517\" width=\"72\" height=\"24\" alt=\"captcha\" src=\"https:\/\/www.radost-apartmany.cz\/wp-content\/uploads\/wpcf7_captcha\/3954412729.png\" \/><br \/>\n<span class=\"wpcf7-form-control-wrap\" data-name=\"captcha-517\"><input size=\"40\" class=\"wpcf7-form-control wpcf7-captchar\" autocomplete=\"off\" aria-invalid=\"false\" value=\"\" type=\"text\" name=\"captcha-517\" \/><\/span><\/label>\n<\/p>\n<p><input class=\"wpcf7-form-control wpcf7-submit has-spinner\" type=\"submit\" value=\"Odeslat\" \/>\n<\/p><div class=\"wpcf7-response-output\" aria-hidden=\"true\"><\/div>\n<\/form>\n<\/div>\n[\/vc_column][\/vc_row]<\/p>\n<\/div>","protected":false},"excerpt":{"rendered":"<p>[vc_row gap=&#8221;10&#8243; fixed_width=&#8221;true&#8221;][vc_column width=&#8221;1\/2&#8243;][vc_column_text]Apartm\u00e1ny RADOST V Koutech 503 431 56 Kov\u00e1\u0159sk\u00e1[\/vc_column_text][vc_empty_space][vc_separator][vc_column_text]Telefon: +420 602 135 425 e-mail: radost.apartmany@gmail.com booking: Apartm\u00e1ny RADOST e-chalupy: Apartm\u00e1ny RADOST[\/vc_column_text][vc_separator][vc_column_text]Daniel Krej\u010d\u00ed, Br\u0148any 170, 412 01 Br\u0148any I\u010cO: 65061136 DI\u010c: CZ7208102682[\/vc_column_text][\/vc_column][vc_column width=&#8221;1\/2&#8243;][vc_raw_html]JTNDaWZyYW1lJTIwc3R5bGUlM0QlMjJib3JkZXIlM0Fub25lJTIyJTIwc3JjJTNEJTIyaHR0cHMlM0ElMkYlMkZmcmFtZS5tYXB5LmN6JTJGcyUyRmh1a29sb3ZhYm8lMjIlMjB3aWR0aCUzRCUyMjU0NSUyMiUyMGhlaWdodCUzRCUyMjQ2MCUyMiUyMGZyYW1lYm9yZGVyJTNEJTIyMCUyMiUzRSUzQyUyRmlmcmFtZSUzRQ==[\/vc_raw_html][\/vc_column][\/vc_row]<\/p>\n<a href=\"https:\/\/www.radost-apartmany.cz\/cs\/kontakt\/\" class=\"sohohotel-more-link\">Read More<i class=\"fa fa-angle-right\"><\/i><\/a>","protected":false},"author":1,"featured_media":0,"parent":0,"menu_order":7,"comment_status":"closed","ping_status":"closed","template":"","meta":{"footnotes":""},"categories":[],"tags":[],"class_list":["post-21","page","type-page","status-publish","hentry"],"_links":{"self":[{"href":"https:\/\/www.radost-apartmany.cz\/cs\/wp-json\/wp\/v2\/pages\/21","targetHints":{"allow":["GET"]}}],"collection":[{"href":"https:\/\/www.radost-apartmany.cz\/cs\/wp-json\/wp\/v2\/pages"}],"about":[{"href":"https:\/\/www.radost-apartmany.cz\/cs\/wp-json\/wp\/v2\/types\/page"}],"author":[{"embeddable":true,"href":"https:\/\/www.radost-apartmany.cz\/cs\/wp-json\/wp\/v2\/users\/1"}],"replies":[{"embeddable":true,"href":"https:\/\/www.radost-apartmany.cz\/cs\/wp-json\/wp\/v2\/comments?post=21"}],"version-history":[{"count":10,"href":"https:\/\/www.radost-apartmany.cz\/cs\/wp-json\/wp\/v2\/pages\/21\/revisions"}],"predecessor-version":[{"id":1126,"href":"https:\/\/www.radost-apartmany.cz\/cs\/wp-json\/wp\/v2\/pages\/21\/revisions\/1126"}],"wp:attachment":[{"href":"https:\/\/www.radost-apartmany.cz\/cs\/wp-json\/wp\/v2\/media?parent=21"}],"wp:term":[{"taxonomy":"category","embeddable":true,"href":"https:\/\/www.radost-apartmany.cz\/cs\/wp-json\/wp\/v2\/categories?post=21"},{"taxonomy":"post_tag","embeddable":true,"href":"https:\/\/www.radost-apartmany.cz\/cs\/wp-json\/wp\/v2\/tags?post=21"}],"curies":[{"name":"wp","href":"https:\/\/api.w.org\/{rel}","templated":true}]}}