{"id":17,"date":"2023-07-08T17:38:28","date_gmt":"2023-07-08T15:38:28","guid":{"rendered":"https:\/\/www.radost-apartmany.cz\/?page_id=17"},"modified":"2023-11-30T21:40:13","modified_gmt":"2023-11-30T20:40:13","slug":"rezervace","status":"publish","type":"page","link":"https:\/\/www.radost-apartmany.cz\/cs\/rezervace\/","title":{"rendered":"Rezervace"},"content":{"rendered":"<div class=\"wpb-content-wrapper\"><p>[vc_row fixed_width=&#8221;true&#8221;][vc_column][vc_column_text]Nab\u00edz\u00edme ubytov\u00e1n\u00ed v <strong>p\u011bti nov\u011b zrekonstruovan\u00fdch a pln\u011b vybaven\u00fdch apartm\u00e1nech<\/strong>.<\/p>\n<p>Mo\u017enost pronajmout jednotliv\u011b po apartm\u00e1nech nebo cel\u00fd objekt, kter\u00fd poskytuje ubytov\u00e1n\u00ed pro 1 a\u017e 14 osob v 5 jednotk\u00e1ch. P\u0159\u00edpadn\u011b rozkl\u00e1dac\u00ed gau\u010d ve spole\u010densk\u00e9 m\u00edstnosti plus dal\u0161\u00ed 2 osoby.[\/vc_column_text]<div class=\"sohohotel-title1 sohohotel-title-color\"><h1>Prohl\u00e9dn\u011bte si na\u0161ich 5 apartm\u00e1n\u016f<\/h1><h3><\/h3><\/div>[vc_basic_grid post_type=&#8221;page&#8221; max_items=&#8221;10&#8243; orderby=&#8221;menu_order&#8221; order=&#8221;ASC&#8221; grid_id=&#8221;vc_gid:1701376716066-0c7684e2-6049-5&#8243; taxonomies=&#8221;14&#8243;][\/vc_column][\/vc_row][vc_row fixed_width=&#8221;true&#8221;][vc_column][vc_empty_space height=&#8221;48px&#8221;][vc_zigzag][vc_empty_space][\/vc_column][\/vc_row][vc_row fixed_width=&#8221;true&#8221;][vc_column]<div class=\"sohohotel-title1 sohohotel-title-color\"><h1>Kalend\u00e1\u0159 obsazenosti<\/h1><h3><\/h3><\/div>[vc_raw_html]JTNDc2NyaXB0JTIwc3JjJTNEJTIyaHR0cHMlM0ElMkYlMkZvYnNhemVub3N0LmUtY2hhbHVweS5jeiUyRnJlc2l6ZS5qcyUyMiUzRSUzQyUyRnNjcmlwdCUzRSUwQSUzQ2lmcmFtZSUyMHNyYyUzRCUyMmh0dHBzJTNBJTJGJTJGb2JzYXplbm9zdC5lLWNoYWx1cHkuY3olMkZrYWxlbmRhci5waHAlM0ZpZCUzRDE0NjYzJTI2cG9jZXRNZXNpY3UlM0QxMiUyNnZlbGlrb3N0JTNENiUyNmxlZ2VuZGElM0Rhbm8lMjZ2eWJyYW5lTWVzaWNlJTNEJTI2bmFTdHJlZCUzRGFubyUyNmN0dnJ0bGV0aSUzRG5lJTI2c3RpbiUzRG5lJTI2amF6eWslM0RjeiUyNmplZG5vdGt5JTNEYW5vJTI2aWRKZWRub3RreSUzRDAlMjZ2eXBpc0plZG5vdGt5JTNEYW5vJTI2c291aHJubnklM0QlMjZwb3phZGklM0RmZmZmZmYlMjZrYWxlbmRhclRleHQlM0QwMDAwMDAlMjZrYWxlbmRhclBvemFkaSUzRGZmZmZmZiUyNnJhbWVjZWslM0RkZGRkZGQlMjZtZXNpY1RleHQlM0Q1NTU1NTUlMjZtZXNpY1BvemFkaSUzRGRkZGRkZCUyNmRueVRleHQlM0QwMDgwMDAlMjZkbnlQb3phZGlhJTNEZmZmZmZmJTI2b2JzYXplbm9UZXh0JTNEMjIyMjIyJTI2b2JzYXplbm9Qb3phZGklM0RmNzQ4NDglMjZ2b2xub1RleHQlM0QyMjIyMjIlMjZ2b2xub1BvemFkaSUzRDY3Y2Y2NyUyNmNhc3RlY25lVGV4dCUzRDIyMjIyMiUyNmNhc3RlY25lUG96YWRpJTNENDg5Y2UwJTI2bmVha3Rpdm5pRG55VGV4dCUzRGJiYmJiYiUyNm5lYWt0aXZuaURueVBvemFkaSUzRGZmZmZmZiUyNmxlZ2VuZGFUZXh0JTNEMDAwMDAwJTI2Zm9udEZhbWlseSUzRFZlcmRhbmElMjZleHRDc3MlM0QlMjIlMjBoZWlnaHQlM0QlMjI0NjBweCUyMiUyMHdpZHRoJTNEJTIyMTAwJTI1JTIyJTIwZnJhbWVib3JkZXIlM0QlMjIwJTIyJTIwaWQlM0QlMjJlY2hhbHVweS1rYWxlbmRhciUyMiUzRSUzQyUyRmlmcmFtZSUzRQ==[\/vc_raw_html][\/vc_column][\/vc_row][vc_row fixed_width=&#8221;true&#8221;][vc_column]<div class=\"sohohotel-title1 sohohotel-title-color\"><h1>Rozd\u011blen\u00ed objektu<\/h1><h3><\/h3><\/div>[vc_column_text]<strong>Lo\u017enice a pokoje:<\/strong><br \/>\nObjekt je t\u0159\u00edpatrov\u00fd, v p\u0159\u00edzem\u00ed a v 1.pat\u0159e se nach\u00e1z\u00ed pln\u011b vybaven\u00e9 2 l\u016f\u017eko a 4 l\u016f\u017eko na ka\u017ed\u00e9m pat\u0159e. Ve 3.pat\u0159e\/podkrov\u00ed se nach\u00e1z\u00ed 2 l\u016f\u017eko bez kuchyn\u011b.<\/p>\n<p><strong>Vyt\u00e1p\u011bn\u00ed:<\/strong><br \/>\nCentr\u00e1ln\u00ed vyt\u00e1p\u011bn\u00ed, ve spole\u010densk\u00e9 m\u00edstnosti nav\u00edc klimatizace.<\/p>\n<p><strong>Doprava, parkov\u00e1n\u00ed:<\/strong><br \/>\nParkov\u00e1n\u00ed je p\u0159\u00edmo p\u0159ed objektem pro cca 6 vozidel. Dostupnost v\u00fdborn\u00e1. Mo\u017enost nab\u00edjen\u00ed elektrick\u00fdch aut p\u0159\u00edmo na parkovi\u0161ti.<\/p>\n<p>Celoro\u010dn\u00ed provoz.<\/p>\n<p>Bezplatn\u00e9 p\u0159ipojen\u00ed k WIFI v cel\u00e9m objektu. Je mo\u017en\u00e9 vyu\u017e\u00edt spole\u010densk\u00e9 m\u00edstnosti s kuchyn\u00ed, elektrickou troubou s kapacitou 20 m\u00edst k sezen\u00ed.<\/p>\n<p>K dispozici je velk\u00e9 mno\u017estv\u00ed spole\u010densk\u00fdch her k zap\u016fj\u010den\u00ed. K dispozici d\u00e1le k\u00e1vovar Nescafe Dolce Gusto s r\u016fzn\u00fdmi druhy kapsl\u00ed.<\/p>\n<p>V p\u0159\u00edpad\u011b pot\u0159eby je v budov\u011b k dispozici pra\u010dka a su\u0161i\u010dka. Ve vstupn\u00ed hale je mo\u017enost usu\u0161it mokr\u00e9 oble\u010den\u00ed nad radi\u00e1torem se zav\u011b\u0161en\u00edm na st\u011bnov\u00e9 dr\u017e\u00e1ky.<\/p>\n<p>Venku je samostatn\u011b postavena ly\u017e\u00e1rna\/kol\u00e1rna, v letn\u00edch m\u011bs\u00edc\u00edch lze vyu\u017e\u00edt venkovn\u00edho posezen\u00ed s krbem. D\u011btsk\u00e9 h\u0159i\u0161t\u011b a houpa\u010dky.<\/p>\n<p>Wellness aktivity v p\u0159\u00edprav\u011b.[\/vc_column_text][\/vc_column][\/vc_row]<\/p>\n<\/div>","protected":false},"excerpt":{"rendered":"<p>[vc_row fixed_width=&#8221;true&#8221;][vc_column][vc_column_text]Nab\u00edz\u00edme ubytov\u00e1n\u00ed v p\u011bti nov\u011b zrekonstruovan\u00fdch a pln\u011b vybaven\u00fdch apartm\u00e1nech. Mo\u017enost pronajmout jednotliv\u011b po apartm\u00e1nech nebo cel\u00fd objekt, kter\u00fd poskytuje ubytov\u00e1n\u00ed pro 1 a\u017e 14 osob v 5 jednotk\u00e1ch. P\u0159\u00edpadn\u011b rozkl\u00e1dac\u00ed gau\u010d ve spole\u010densk\u00e9 m\u00edstnosti plus dal\u0161\u00ed 2 osoby.[\/vc_column_text][vc_basic_grid post_type=&#8221;page&#8221; max_items=&#8221;10&#8243; orderby=&#8221;menu_order&#8221; order=&#8221;ASC&#8221; grid_id=&#8221;vc_gid:1701376716066-0c7684e2-6049-5&#8243; taxonomies=&#8221;14&#8243;][\/vc_column][\/vc_row][vc_row fixed_width=&#8221;true&#8221;][vc_column][vc_empty_space height=&#8221;48px&#8221;][vc_zigzag][vc_empty_space][\/vc_column][\/vc_row][vc_row fixed_width=&#8221;true&#8221;][vc_column][vc_raw_html]JTNDc2NyaXB0JTIwc3JjJTNEJTIyaHR0cHMlM0ElMkYlMkZvYnNhemVub3N0LmUtY2hhbHVweS5jeiUyRnJlc2l6ZS5qcyUyMiUzRSUzQyUyRnNjcmlwdCUzRSUwQSUzQ2lmcmFtZSUyMHNyYyUzRCUyMmh0dHBzJTNBJTJGJTJGb2JzYXplbm9zdC5lLWNoYWx1cHkuY3olMkZrYWxlbmRhci5waHAlM0ZpZCUzRDE0NjYzJTI2cG9jZXRNZXNpY3UlM0QxMiUyNnZlbGlrb3N0JTNENiUyNmxlZ2VuZGElM0Rhbm8lMjZ2eWJyYW5lTWVzaWNlJTNEJTI2bmFTdHJlZCUzRGFubyUyNmN0dnJ0bGV0aSUzRG5lJTI2c3RpbiUzRG5lJTI2amF6eWslM0RjeiUyNmplZG5vdGt5JTNEYW5vJTI2aWRKZWRub3RreSUzRDAlMjZ2eXBpc0plZG5vdGt5JTNEYW5vJTI2c291aHJubnklM0QlMjZwb3phZGklM0RmZmZmZmYlMjZrYWxlbmRhclRleHQlM0QwMDAwMDAlMjZrYWxlbmRhclBvemFkaSUzRGZmZmZmZiUyNnJhbWVjZWslM0RkZGRkZGQlMjZtZXNpY1RleHQlM0Q1NTU1NTUlMjZtZXNpY1BvemFkaSUzRGRkZGRkZCUyNmRueVRleHQlM0QwMDgwMDAlMjZkbnlQb3phZGlhJTNEZmZmZmZmJTI2b2JzYXplbm9UZXh0JTNEMjIyMjIyJTI2b2JzYXplbm9Qb3phZGklM0RmNzQ4NDglMjZ2b2xub1RleHQlM0QyMjIyMjIlMjZ2b2xub1BvemFkaSUzRDY3Y2Y2NyUyNmNhc3RlY25lVGV4dCUzRDIyMjIyMiUyNmNhc3RlY25lUG96YWRpJTNENDg5Y2UwJTI2bmVha3Rpdm5pRG55VGV4dCUzRGJiYmJiYiUyNm5lYWt0aXZuaURueVBvemFkaSUzRGZmZmZmZiUyNmxlZ2VuZGFUZXh0JTNEMDAwMDAwJTI2Zm9udEZhbWlseSUzRFZlcmRhbmElMjZleHRDc3MlM0QlMjIlMjBoZWlnaHQlM0QlMjI0NjBweCUyMiUyMHdpZHRoJTNEJTIyMTAwJTI1JTIyJTIwZnJhbWVib3JkZXIlM0QlMjIwJTIyJTIwaWQlM0QlMjJlY2hhbHVweS1rYWxlbmRhciUyMiUzRSUzQyUyRmlmcmFtZSUzRQ==[\/vc_raw_html][\/vc_column][\/vc_row][vc_row fixed_width=&#8221;true&#8221;][vc_column][vc_column_text]Lo\u017enice a pokoje: Objekt je t\u0159\u00edpatrov\u00fd,<\/p>\n<a href=\"https:\/\/www.radost-apartmany.cz\/cs\/rezervace\/\" class=\"sohohotel-more-link\">Read More<i class=\"fa fa-angle-right\"><\/i><\/a>","protected":false},"author":1,"featured_media":0,"parent":0,"menu_order":5,"comment_status":"closed","ping_status":"closed","template":"","meta":{"footnotes":""},"categories":[],"tags":[],"class_list":["post-17","page","type-page","status-publish","hentry"],"_links":{"self":[{"href":"https:\/\/www.radost-apartmany.cz\/cs\/wp-json\/wp\/v2\/pages\/17","targetHints":{"allow":["GET"]}}],"collection":[{"href":"https:\/\/www.radost-apartmany.cz\/cs\/wp-json\/wp\/v2\/pages"}],"about":[{"href":"https:\/\/www.radost-apartmany.cz\/cs\/wp-json\/wp\/v2\/types\/page"}],"author":[{"embeddable":true,"href":"https:\/\/www.radost-apartmany.cz\/cs\/wp-json\/wp\/v2\/users\/1"}],"replies":[{"embeddable":true,"href":"https:\/\/www.radost-apartmany.cz\/cs\/wp-json\/wp\/v2\/comments?post=17"}],"version-history":[{"count":8,"href":"https:\/\/www.radost-apartmany.cz\/cs\/wp-json\/wp\/v2\/pages\/17\/revisions"}],"predecessor-version":[{"id":1123,"href":"https:\/\/www.radost-apartmany.cz\/cs\/wp-json\/wp\/v2\/pages\/17\/revisions\/1123"}],"wp:attachment":[{"href":"https:\/\/www.radost-apartmany.cz\/cs\/wp-json\/wp\/v2\/media?parent=17"}],"wp:term":[{"taxonomy":"category","embeddable":true,"href":"https:\/\/www.radost-apartmany.cz\/cs\/wp-json\/wp\/v2\/categories?post=17"},{"taxonomy":"post_tag","embeddable":true,"href":"https:\/\/www.radost-apartmany.cz\/cs\/wp-json\/wp\/v2\/tags?post=17"}],"curies":[{"name":"wp","href":"https:\/\/api.w.org\/{rel}","templated":true}]}}