{"id":14,"date":"2023-07-08T17:38:12","date_gmt":"2023-07-08T15:38:12","guid":{"rendered":"https:\/\/www.radost-apartmany.cz\/?page_id=14"},"modified":"2023-11-16T07:44:38","modified_gmt":"2023-11-16T06:44:38","slug":"aktivity","status":"publish","type":"page","link":"https:\/\/www.radost-apartmany.cz\/cs\/aktivity\/","title":{"rendered":"Aktivity"},"content":{"rendered":"<div class=\"wpb-content-wrapper\"><p>[vc_row fixed_width=&#8221;true&#8221;][vc_column]<div class=\"sohohotel-title2 sohohotel-title-color\"><h3>Kov\u00e1\u0159sk\u00e1 m\u00e1 velmi mnoho turistick\u00fdch a sportovn\u00edch mo\u017enost\u00ed po cel\u00fd rok<\/h3><\/div>[\/vc_column][\/vc_row][vc_row fixed_width=&#8221;true&#8221;][vc_column]<div class=\"sohohotel-title3 sohohotel-title-color\"><h4>Zima<\/h4><\/div>[vc_column_text]Bl\u00edzk\u00e1 ly\u017ea\u0159sk\u00e1 st\u0159ediska: Kl\u00ednovec a Neklid, permice plat\u00ed i pro n\u011bmeck\u00fd Fichtelberg, Bo\u017e\u00ed Dar \u2013 Hranice, Novako, are\u00e1l Ple\u0161ivec, Horn\u00ed Hal\u017ee &#8211; Al\u0161ovka.<\/p>\n<p>B\u011b\u017eka\u0159sk\u00e9 trasy v Kov\u00e1\u0159sk\u00e9, \u010di p\u0159\u00edmo z Kov\u00e1\u0159sk\u00e9 se lze napojit na Kru\u0161nohorskou magistr\u00e1lu nebo vyzkou\u0161et trasy Bo\u017e\u00ed dar, kter\u00e9 jsou v dojezdov\u00e9 vzd\u00e1lenosti.<\/p>\n<p>B\u011b\u017eka\u0159sk\u00fd okruh kolem Kov\u00e1\u0159sk\u00e9 prota\u017een\u00fd na klasiku v d\u00e9lce 14 km pravideln\u011b upravov\u00e1n. Za\u010d\u00e1tek cca 100 m od objektu.<\/p>\n<p>P\u0159i dobr\u00fdch sn\u011bhov\u00fdch podm\u00ednk\u00e1ch je prota\u017een\u00e1 stopa na bl\u00edzkou Kru\u0161nohorskou magistr\u00e1lu. Pro b\u011b\u017eka\u0159sk\u00e9 nad\u0161ence jsou profesion\u00e1ln\u011b p\u0159ipraveny stopy v okol\u00ed Bo\u017e\u00edho daru sm\u011br Abertamy a Pernink nebo d\u00e1le do N\u011bmecka sm\u011br Oberwiesenthal.<\/p>\n<p>D\u00e1le b\u011b\u017eka\u0159sk\u00fd are\u00e1l Satzung u J\u00f6hstadtu.<\/p>\n<p>V zimn\u00edch m\u011bs\u00edc\u00edch je mo\u017en\u00e9 bobovat a s\u00e1\u0148kovat nedaleko objektu nebo pokud podm\u00ednky dovol\u00ed je p\u0159\u00edmo v Kov\u00e1\u0159sk\u00e9 postavena ledov\u00e1 plocha pro bruslen\u00ed.<\/p>\n<p>V N\u011bmecku v Oberwiesenthalu jezd\u00ed celoro\u010dn\u011b parn\u00ed lokomotiva a\u017e do Cranzahlu a zp\u011bt. D\u00e1le v Oberwiesenthalu najdete zimn\u00ed kluzi\u0161t\u011b, Aquarium nebo dal\u0161\u00ed mo\u017enosti pro sportovn\u00ed vyu\u017eit\u00ed.<\/p>\n<p>V Annaberg-Buchholz jsou v prosinci dechberouc\u00ed V\u00e1no\u010dn\u00ed trhy.<\/p>\n<p>FUN ar\u00e9na Cheb nab\u00edz\u00ed indoor pln\u011b elektrick\u00e9 motok\u00e1rov\u00e9 vy\u017eit\u00ed, Jump ar\u00e9nu \u010di Laserovou st\u0159elnici aj.<\/p>\n<p>V ubytov\u00e1n\u00ed V\u00e1m r\u00e1di poskytneme mapy \u010di dal\u0161\u00ed tipy na v\u00fdlety v okol\u00ed.<\/p>\n<p>Relax a wellness aktivity jsou moment\u00e1ln\u011b v p\u0159\u00edprav\u011b.[\/vc_column_text][vc_gallery type=&#8221;image_grid&#8221; images=&#8221;94,95,96,97,98,99,100,101,102,103,104,105,106,107,108,109,110,111,112,113,114,115,116,117,118,119,120,121,122,123,124,125,126,127,128,129,130,131,132,133,134,135,136,137,138,139,140,141,142,143,144,145,146,147,148,149,150,151,152,153,154&#8243;][\/vc_column][\/vc_row][vc_row fixed_width=&#8221;true&#8221;][vc_column][vc_zigzag][vc_empty_space][\/vc_column][\/vc_row][vc_row fixed_width=&#8221;true&#8221;][vc_column]<div class=\"sohohotel-title3 sohohotel-title-color\"><h4>L\u00e9to<\/h4><\/div>[vc_column_text]P\u011b\u0161\u00ed \u010di cyklo v\u00fdlety v okol\u00ed s p\u0159esahem do N\u011bmecka.<\/p>\n<p>P\u0159\u00edmo v Kov\u00e1\u0159sk\u00e9 je p\u0159ipravena Nau\u010dn\u00e1 stezka pro d\u011bti, t\u0159i r\u016fzn\u011b dlouh\u00e9 okruhy kolem Kov\u00e1\u0159sk\u00e9 s barevn\u00fdm ozna\u010den\u00edm d\u00e9lky.<\/p>\n<p>Mezi dal\u0161\u00edmi v\u00fdlety m\u016f\u017ee b\u00fdt hora Velk\u00fd \u0160pi\u010d\u00e1k (965 m), kde je kr\u00e1sn\u00fd 360\u00b4rozhled nebo Vrch M\u011bdn\u00edk a jeho hornick\u00e1 historie se \u0161tolou. Skaln\u00ed \u00fatvar Sfingy u M\u011bd\u011bnce.<\/p>\n<p>Nedaleko Kov\u00e1\u0159sk\u00e9 se nach\u00e1z\u00ed historick\u00e1 v\u00e1penka. Doporu\u010dujeme se vydat p\u011b\u0161ky, je to kr\u00e1sn\u00e1 6 km dlouh\u00e1 proch\u00e1zka z Kov\u00e1\u0159sk\u00e9 sm\u011brem na H\u00e1j pod Kl\u00ednovcem, kolem rekonstruovan\u00e9ho n\u00e1dra\u017e\u00ed Kov\u00e1\u0159sk\u00e1.<\/p>\n<p>Kr\u00e1l\u016fv ml\u00fdn (K\u00f6nigsm\u00fchle). Jedn\u00e1 se o zaniklou sudetskou osadu jako z poh\u00e1dky. Dnes zde z\u016fstalo \u0161est ruin a kr\u00e1sn\u00e1 p\u0159\u00edroda. Zaparkujete v obci H\u00e1j pod Kl\u00ednovcem a vyd\u00e1te se 1,5 km p\u011b\u0161ky p\u0159es louku, p\u016fvodn\u00ed \u00favozovou cestou do \u00fadol\u00ed, kde se K\u00f6nig\u016fv Ml\u00fdn nach\u00e1z\u00ed. Nebo p\u0159\u00edmo z Kov\u00e1\u0159sk\u00e9 po turistick\u00e9 trase.<\/p>\n<p>Bo\u017e\u00ed dar je 9 km, kde je spousta restaurac\u00ed, kav\u00e1ren a rozhledna Bo\u017e\u00ed vyhl\u00eddka.<\/p>\n<p>Pro d\u011bti Je\u017e\u00ed\u0161kova cesta, 2 r\u016fzn\u011b dlouh\u00e9 okruhy dle n\u00e1ro\u010dnosti a ra\u0161elini\u0161t\u011b, na kter\u00e9 se vyd\u00e1te nejenom s d\u011btmi.<\/p>\n<p>Trail Park Kl\u00ednovec: V les\u00edch Kru\u0161n\u00fdch hor je 24 km pozvoln\u011b klesaj\u00edc\u00edch plynul\u00fdch stezek speci\u00e1ln\u011b navr\u017een\u00fdch pro pot\u011b\u0161en\u00ed z j\u00edzdy na horsk\u00e9m kole s r\u016fznou obt\u00ed\u017enost\u00ed. Modr\u00e1, \u010derven\u00e1, \u010dern\u00e1 a d\u00e1le downhill sjezd \u010di pump tracky a sk\u00e1kadla pro nejmen\u0161\u00ed v horn\u00ed stanici lanovky.<\/p>\n<p>Z\u0159ejm\u011b nejlep\u0161\u00edm v\u00fdhledem na Kru\u0161n\u00e9 hory je pohled z Jelen\u00ed hory. Kr\u00e1sn\u00fd v\u00fdhled na nejvy\u0161\u0161\u00ed hory Kru\u0161n\u00fdch hor, Kl\u00ednovec a Fichtelberg a pod sebou na P\u0159\u00edse\u010dnickou p\u0159ehradu. Na Jelen\u00ed horu se d\u00e1 j\u00edt p\u011b\u0161ky 14 km p\u0159\u00edmo z chalupy p\u0159es \u010cern\u00fd potok. Nebo se p\u0159ibl\u00ed\u017eit na parkovi\u0161t\u011b u hr\u00e1ze.<\/p>\n<p>Turistick\u00e9 c\u00edle v okol\u00ed Vodn\u00ed n\u00e1dr\u017e P\u0159\u00edse\u010dn\u00edce a d\u00e1le po turistick\u00fdch zna\u010dk\u00e1ch do N\u011bmecka za hornickou histori\u00ed sm\u011brem na Schmalzgrube, kde jezd\u00ed parn\u00ed vlak a zp\u011bt po turistick\u00e9 trase na J\u00f6hstadt a p\u0159es \u010cern\u00fd potok zp\u011bt do Kov\u00e1\u0159sk\u00e9.<\/p>\n<p>P\u011b\u0161\u00ed p\u0159echod v Lou\u010dn\u00e9 \u010di \u010cesk\u00fdch Hamrech je mo\u017en\u00e9 vyu\u017e\u00edt pro cyklov\u00fdlet do N\u011bmecka do Oberwiesenthalu \u010di na opa\u010dnou stranu sm\u011brem na B\u00e4renstein (360\u00b4v\u00fdhled do krajiny Kru\u0161n\u00fdch hor) a d\u00e1le pokra\u010dovat po s\u00edti cyklo \u010di p\u011b\u0161\u00edch tras sm\u011brem na Cranzahl a\u017e do Annaberg-Buchholz.<\/p>\n<p>V Annaberg-Buchholz najdete p\u0159\u00edrodn\u00ed park se zv\u00ed\u0159\u00e1tky, jedn\u00e1 se o velm\u00ed kr\u00e1sn\u00e9 m\u011bsto s histori\u00ed.<\/p>\n<p>V N\u011bmecku v Oberwiesenthalu jezd\u00ed celoro\u010dn\u011b parn\u00ed lokomotiva a\u017e do Cranzahlu a zp\u011bt. Mo\u017en\u00e9 vyu\u017e\u00edt jen jako jednosm\u011brnou cestu a zp\u011bt po s\u00edti cyklostezek.<\/p>\n<p>D\u00e1le v Oberwiesenthalu najdete turistick\u00e9 trasy, ZIP line, Aquarium nebo dal\u0161\u00ed mo\u017enosti pro sportovn\u00ed vyu\u017eit\u00ed.<\/p>\n<p>St\u0159edov\u011bk\u00fd hrad Loket na v\u00fdrazn\u00e9m skaln\u00edm ostrohu, za t\u0159\u00ed stran obklopen\u00fd \u0159ekou Oh\u0159\u00ed, je srdcem malebn\u00e9ho m\u011bste\u010dka. Z Kov\u00e1\u0159sk\u00e9 autem za 50 min.<\/p>\n<p>Za v\u00fdlet ur\u010dit\u011b stoj\u00ed zajet do Karlov\u00fdch Var\u016f. Je to z Kov\u00e1\u0159sk\u00e9 40 km. Kr\u00e1sn\u00e1 l\u00e1ze\u0148sk\u00e1 kolon\u00e1da s l\u00e1ze\u0148sk\u00fdmi oplatkami, r\u016fzn\u011b tepl\u00fdmi v\u0159\u00eddly, rozhlednou Diana, na kterou vede pozemn\u00ed lanovka a nebo slavn\u00fd hotel Thermal. Na za\u010d\u00e1tku \u010dervence zde t\u00fdden prob\u00edh\u00e1 Mezin\u00e1rodn\u00ed filmov\u00fd festival.<\/p>\n<p>Nedaleko Franti\u0161kov\u00fdch L\u00e1zn\u00ed le\u017e\u00ed n\u00e1rodn\u00ed p\u0159\u00edrodn\u00ed rezervace Soos. Jedn\u00e1 se o rozs\u00e1hl\u00e9 ra\u0161elini\u0161t\u011b a slatini\u0161t\u011b, kde vyv\u011br\u00e1 velk\u00e9 mno\u017estv\u00ed miner\u00e1ln\u00edch pramen\u016f a \u010dist\u00fd oxid uhli\u010dit\u00fd. Nau\u010dn\u00e1 stezka vede po dn\u011b vyschl\u00e9ho jezera, kter\u00e9 m\u011blo slanou (miner\u00e1ln\u00ed) vodu. Vstup se psem povolen.<\/p>\n<p>KART ar\u00e9na Cheb nab\u00edz\u00ed indoor pln\u011b elektrick\u00e9 motok\u00e1rov\u00e9 vy\u017eit\u00ed, Jump ar\u00e9nu \u010di Laserovou st\u0159elnici.<\/p>\n<p>Mo\u017enosti koup\u00e1n\u00ed: Koupali\u0161t\u011b Per\u0161tejn, aquapark Kl\u00e1\u0161terec nad Oh\u0159\u00ed, aquapark J\u00e1chymov.<\/p>\n<p>V N\u011bmecku p\u0159\u00edrodn\u00ed koupali\u0161t\u011b Sehma nebo Schmalzgrube, \u010di aquaparky hned za hranicemi.<\/p>\n<p>Vhodn\u00e9 pro houba\u0159skou sez\u00f3nu \u010di ryba\u0159en\u00ed na bl\u00edzk\u00e9m rybn\u00edce.<\/p>\n<p>V letn\u00edch m\u011bs\u00edc\u00edch je p\u0159\u00edjemn\u00e9 vyu\u017e\u00edt posezen\u00ed na terase s mo\u017enost\u00ed grilov\u00e1n\u00ed. Pro rodiny s d\u011btmi houpa\u010dky a h\u0159i\u0161t\u011b.<\/p>\n<p>Wellness a relax aktivity jsou moment\u00e1ln\u011b v p\u0159\u00edprav\u011b.<\/p>\n<p>Dal\u0161\u00ed mo\u017enosti v\u00fdlet\u016f v\u00e1m r\u00e1di porad\u00edme.[\/vc_column_text][vc_gallery type=&#8221;image_grid&#8221; images=&#8221;156,157,158,159,160,161,162,163,164,165,166,167,168,169,170,171,172,173,174,175,176,177,178,179,180,181,182,183,184,185,186,187,188,189,190,191,192,193,194,195,196,197,198,199,200,201,202,203,204,205,206,207,208,209,210,211,212,213,214,215,216,217,218,219,220,221,222,223,224,225,226,227,228,229,230,231,232,233,234,235,236,237,238,239,240,241,242,243,244,245,246,247,248,249,250,251,252,253,254,255,256,257,258,259,260,261,262,263,264,265,266,267,268,269,270,271,272,273,274,275,276,277,278,279,280,281,282,283,284,285,286,287,288,289,290,291,292,293,294,295,296,297,298,299,300,301,302,303,304,305,306,307,308,309,310,311,312,313,314,315,316,317,318,319,320,321,322,323,324&#8243;][\/vc_column][\/vc_row]<\/p>\n<\/div>","protected":false},"excerpt":{"rendered":"<p>[vc_row fixed_width=&#8221;true&#8221;][vc_column][\/vc_column][\/vc_row][vc_row fixed_width=&#8221;true&#8221;][vc_column][vc_column_text]Bl\u00edzk\u00e1 ly\u017ea\u0159sk\u00e1 st\u0159ediska: Kl\u00ednovec a Neklid, permice plat\u00ed i pro n\u011bmeck\u00fd Fichtelberg, Bo\u017e\u00ed Dar \u2013 Hranice, Novako, are\u00e1l Ple\u0161ivec, Horn\u00ed Hal\u017ee &#8211; Al\u0161ovka. B\u011b\u017eka\u0159sk\u00e9 trasy v Kov\u00e1\u0159sk\u00e9, \u010di p\u0159\u00edmo z Kov\u00e1\u0159sk\u00e9 se lze napojit na Kru\u0161nohorskou magistr\u00e1lu nebo vyzkou\u0161et trasy Bo\u017e\u00ed dar, kter\u00e9 jsou v dojezdov\u00e9 vzd\u00e1lenosti. B\u011b\u017eka\u0159sk\u00fd okruh kolem Kov\u00e1\u0159sk\u00e9 prota\u017een\u00fd na<\/p>\n<a href=\"https:\/\/www.radost-apartmany.cz\/cs\/aktivity\/\" class=\"sohohotel-more-link\">Read More<i class=\"fa fa-angle-right\"><\/i><\/a>","protected":false},"author":1,"featured_media":0,"parent":0,"menu_order":4,"comment_status":"closed","ping_status":"closed","template":"","meta":{"footnotes":""},"categories":[],"tags":[],"class_list":["post-14","page","type-page","status-publish","hentry"],"_links":{"self":[{"href":"https:\/\/www.radost-apartmany.cz\/cs\/wp-json\/wp\/v2\/pages\/14","targetHints":{"allow":["GET"]}}],"collection":[{"href":"https:\/\/www.radost-apartmany.cz\/cs\/wp-json\/wp\/v2\/pages"}],"about":[{"href":"https:\/\/www.radost-apartmany.cz\/cs\/wp-json\/wp\/v2\/types\/page"}],"author":[{"embeddable":true,"href":"https:\/\/www.radost-apartmany.cz\/cs\/wp-json\/wp\/v2\/users\/1"}],"replies":[{"embeddable":true,"href":"https:\/\/www.radost-apartmany.cz\/cs\/wp-json\/wp\/v2\/comments?post=14"}],"version-history":[{"count":7,"href":"https:\/\/www.radost-apartmany.cz\/cs\/wp-json\/wp\/v2\/pages\/14\/revisions"}],"predecessor-version":[{"id":92,"href":"https:\/\/www.radost-apartmany.cz\/cs\/wp-json\/wp\/v2\/pages\/14\/revisions\/92"}],"wp:attachment":[{"href":"https:\/\/www.radost-apartmany.cz\/cs\/wp-json\/wp\/v2\/media?parent=14"}],"wp:term":[{"taxonomy":"category","embeddable":true,"href":"https:\/\/www.radost-apartmany.cz\/cs\/wp-json\/wp\/v2\/categories?post=14"},{"taxonomy":"post_tag","embeddable":true,"href":"https:\/\/www.radost-apartmany.cz\/cs\/wp-json\/wp\/v2\/tags?post=14"}],"curies":[{"name":"wp","href":"https:\/\/api.w.org\/{rel}","templated":true}]}}