{"id":1019,"date":"2023-11-29T22:51:37","date_gmt":"2023-11-29T21:51:37","guid":{"rendered":"https:\/\/www.radost-apartmany.cz\/?page_id=1019"},"modified":"2023-11-30T23:01:02","modified_gmt":"2023-11-30T22:01:02","slug":"spolecenska-mistnost","status":"publish","type":"page","link":"https:\/\/www.radost-apartmany.cz\/cs\/rezervace\/spolecenska-mistnost\/","title":{"rendered":"Spole\u010densk\u00e1 m\u00edstnost"},"content":{"rendered":"<div class=\"wpb-content-wrapper\"><p>[vc_row fixed_width=&#8221;true&#8221;][vc_column][vc_column_text]Je mo\u017en\u00e9 vyu\u017e\u00edt spole\u010densk\u00e9 m\u00edstnosti s kuchyn\u00ed, elektrickou troubou a kapacitou 20 m\u00edst k sezen\u00ed pro partu p\u0159\u00e1tel \u010di firemn\u00ed akci.<\/p>\n<p>K dispozici je velk\u00e9 mno\u017estv\u00ed spole\u010densk\u00fdch her k zap\u016fj\u010den\u00ed. D\u011btsk\u00fd koutek. K\u00e1vovar Nescafe Dolce Gusto s r\u016fzn\u00fdmi druhy kapsl\u00ed. Velk\u00e1 ploch\u00e1 televize ANDROID s O2 TV Gold a Netflixem. S mo\u017enost\u00ed p\u0159ipojen\u00ed hern\u00edch konzol\u00ed \u010di zrcadlen\u00ed s va\u0161\u00edm mobiln\u00edm p\u0159\u00edstrojem.<\/p>\n<p>M\u00edstnost je voln\u011b k dispozici pro v\u0161echny ubytovan\u00e9. Nab\u00edz\u00ed kr\u00e1sn\u00fd v\u00fdhled sklen\u011bn\u00fdmi okny na p\u0159\u00edrodu Kru\u0161n\u00fdch hor. V letn\u00edch m\u011bs\u00edc\u00edch pr\u016fchoz\u00ed na terasu, zahradu \u010di letn\u00ed posezen\u00ed.[\/vc_column_text][vc_gallery type=&#8221;image_grid&#8221; images=&#8221;1022,1025,1028&#8243;][\/vc_column][\/vc_row][vc_row fixed_width=&#8221;true&#8221;][vc_column][vc_empty_space height=&#8221;24px&#8221;][vc_zigzag][vc_empty_space][\/vc_column][\/vc_row]<\/p>\n<\/div>","protected":false},"excerpt":{"rendered":"<p>[vc_row fixed_width=&#8221;true&#8221;][vc_column][vc_column_text]Je mo\u017en\u00e9 vyu\u017e\u00edt spole\u010densk\u00e9 m\u00edstnosti s kuchyn\u00ed, elektrickou troubou a kapacitou 20 m\u00edst k sezen\u00ed pro partu p\u0159\u00e1tel \u010di firemn\u00ed akci. K dispozici je velk\u00e9 mno\u017estv\u00ed spole\u010densk\u00fdch her k zap\u016fj\u010den\u00ed. D\u011btsk\u00fd koutek. K\u00e1vovar Nescafe Dolce Gusto s r\u016fzn\u00fdmi druhy kapsl\u00ed. Velk\u00e1 ploch\u00e1 televize ANDROID s O2 TV Gold a Netflixem. S mo\u017enost\u00ed p\u0159ipojen\u00ed hern\u00edch<\/p>\n<a href=\"https:\/\/www.radost-apartmany.cz\/cs\/rezervace\/spolecenska-mistnost\/\" class=\"sohohotel-more-link\">Read More<i class=\"fa fa-angle-right\"><\/i><\/a>","protected":false},"author":1,"featured_media":1022,"parent":17,"menu_order":9,"comment_status":"closed","ping_status":"closed","template":"","meta":{"footnotes":""},"categories":[14],"tags":[],"class_list":["post-1019","page","type-page","status-publish","has-post-thumbnail","hentry","category-apartmany"],"_links":{"self":[{"href":"https:\/\/www.radost-apartmany.cz\/cs\/wp-json\/wp\/v2\/pages\/1019","targetHints":{"allow":["GET"]}}],"collection":[{"href":"https:\/\/www.radost-apartmany.cz\/cs\/wp-json\/wp\/v2\/pages"}],"about":[{"href":"https:\/\/www.radost-apartmany.cz\/cs\/wp-json\/wp\/v2\/types\/page"}],"author":[{"embeddable":true,"href":"https:\/\/www.radost-apartmany.cz\/cs\/wp-json\/wp\/v2\/users\/1"}],"replies":[{"embeddable":true,"href":"https:\/\/www.radost-apartmany.cz\/cs\/wp-json\/wp\/v2\/comments?post=1019"}],"version-history":[{"count":9,"href":"https:\/\/www.radost-apartmany.cz\/cs\/wp-json\/wp\/v2\/pages\/1019\/revisions"}],"predecessor-version":[{"id":1125,"href":"https:\/\/www.radost-apartmany.cz\/cs\/wp-json\/wp\/v2\/pages\/1019\/revisions\/1125"}],"up":[{"embeddable":true,"href":"https:\/\/www.radost-apartmany.cz\/cs\/wp-json\/wp\/v2\/pages\/17"}],"wp:featuredmedia":[{"embeddable":true,"href":"https:\/\/www.radost-apartmany.cz\/cs\/wp-json\/wp\/v2\/media\/1022"}],"wp:attachment":[{"href":"https:\/\/www.radost-apartmany.cz\/cs\/wp-json\/wp\/v2\/media?parent=1019"}],"wp:term":[{"taxonomy":"category","embeddable":true,"href":"https:\/\/www.radost-apartmany.cz\/cs\/wp-json\/wp\/v2\/categories?post=1019"},{"taxonomy":"post_tag","embeddable":true,"href":"https:\/\/www.radost-apartmany.cz\/cs\/wp-json\/wp\/v2\/tags?post=1019"}],"curies":[{"name":"wp","href":"https:\/\/api.w.org\/{rel}","templated":true}]}}